{"id":1076,"date":"2023-09-30T23:10:33","date_gmt":"2023-09-30T21:10:33","guid":{"rendered":"http:\/\/www.s665648207.online.de\/wordpress\/?page_id=1076"},"modified":"2025-03-18T11:54:16","modified_gmt":"2025-03-18T10:54:16","slug":"profilklassen","status":"publish","type":"page","link":"https:\/\/www.gsr-bamberg.de\/wordpress\/schulprofil\/profilklassen\/","title":{"rendered":"Profilklassen"},"content":{"rendered":"<p>An der Graf-Stauffenberg-Realschule entscheiden sich die Sch\u00fclerinnen und Sch\u00fcler bei der Anmeldung f\u00fcr eine Profilklasse, die sie in der 5. und 6. Jahrgangsstufe besuchen. In diesen Klassen finden zus\u00e4tzlich Unterrichtsstunden statt, die sich an den Neigungen und Interessen der Sch\u00fclerinnen und Sch\u00fcler orientieren.<\/p>\n<p><img loading=\"lazy\" decoding=\"async\" class=\"alignnone wp-image-1872 size-full\" src=\"https:\/\/www.gsr-bamberg.de\/wordpress\/wp-content\/uploads\/2024\/03\/Profilfaecher_GSR_Schaubild_weiss.png\" alt=\"\" width=\"1891\" height=\"942\" srcset=\"https:\/\/www.gsr-bamberg.de\/wordpress\/wp-content\/uploads\/2024\/03\/Profilfaecher_GSR_Schaubild_weiss.png 1891w, https:\/\/www.gsr-bamberg.de\/wordpress\/wp-content\/uploads\/2024\/03\/Profilfaecher_GSR_Schaubild_weiss-300x149.png 300w, https:\/\/www.gsr-bamberg.de\/wordpress\/wp-content\/uploads\/2024\/03\/Profilfaecher_GSR_Schaubild_weiss-1024x510.png 1024w, https:\/\/www.gsr-bamberg.de\/wordpress\/wp-content\/uploads\/2024\/03\/Profilfaecher_GSR_Schaubild_weiss-768x383.png 768w, https:\/\/www.gsr-bamberg.de\/wordpress\/wp-content\/uploads\/2024\/03\/Profilfaecher_GSR_Schaubild_weiss-1536x765.png 1536w, https:\/\/www.gsr-bamberg.de\/wordpress\/wp-content\/uploads\/2024\/03\/Profilfaecher_GSR_Schaubild_weiss-800x400.png 800w\" sizes=\"auto, (max-width: 1891px) 100vw, 1891px\" \/><\/p>\n<h3>Bandklasse<\/h3>\n<p>Sch\u00fclerinnen und Sch\u00fcler erlernen das Spielen eines Bandinstruments (E-Gitarre, E-Bass, Keyboard oder Schlagzeug). Gef\u00f6rdert wird die Freude am Musizieren und Singen. Die Sch\u00fclerinnen und Sch\u00fcler lernen sich aufeinander einzulassen und treten als Schulband bei verschiedenen Veranstaltungen auf.<\/p>\n<h3>Sportklasse<\/h3>\n<p>Sportbegeisterte Sch\u00fclerinnen und Sch\u00fcler haben die M\u00f6glichkeit f\u00fcr zus\u00e4tzliche sportliche Aktivit\u00e4ten. Es soll eine breite konditionelle und koordinative Basis geschaffen und Einblicke in verschiedene Sportarten geboten werden. Die Teilnahme an Schulsportwettbewerben ist m\u00f6glich.<\/p>\n<h3>Forscherklasse<\/h3>\n<p>Sch\u00fclerinnen und Sch\u00fcler, die Freude am Beobachten, Ausprobieren und Entdecken haben, erforschen f\u00e4cher\u00fcbergreifend Inhalte aus Biologie, Chemie und Physik. Durch selbst\u00e4ndiges Experimentieren lernen sie Arbeits- und Experimentiermethoden kennen und erkl\u00e4ren so (Alltags-) Ph\u00e4nomene aus Natur und Technik.<\/p>\n","protected":false},"excerpt":{"rendered":"<p>An der Graf-Stauffenberg-Realschule entscheiden sich die Sch\u00fclerinnen und Sch\u00fcler bei der Anmeldung f\u00fcr eine Profilklasse, die sie in der 5. und 6. Jahrgangsstufe besuchen. In diesen Klassen finden zus\u00e4tzlich Unterrichtsstunden [&hellip;]<\/p>\n","protected":false},"author":1,"featured_media":0,"parent":37,"menu_order":0,"comment_status":"closed","ping_status":"closed","template":"","meta":{"ngg_post_thumbnail":0,"footnotes":""},"class_list":["post-1076","page","type-page","status-publish","hentry"],"_links":{"self":[{"href":"https:\/\/www.gsr-bamberg.de\/wordpress\/wp-json\/wp\/v2\/pages\/1076","targetHints":{"allow":["GET"]}}],"collection":[{"href":"https:\/\/www.gsr-bamberg.de\/wordpress\/wp-json\/wp\/v2\/pages"}],"about":[{"href":"https:\/\/www.gsr-bamberg.de\/wordpress\/wp-json\/wp\/v2\/types\/page"}],"author":[{"embeddable":true,"href":"https:\/\/www.gsr-bamberg.de\/wordpress\/wp-json\/wp\/v2\/users\/1"}],"replies":[{"embeddable":true,"href":"https:\/\/www.gsr-bamberg.de\/wordpress\/wp-json\/wp\/v2\/comments?post=1076"}],"version-history":[{"count":13,"href":"https:\/\/www.gsr-bamberg.de\/wordpress\/wp-json\/wp\/v2\/pages\/1076\/revisions"}],"predecessor-version":[{"id":2680,"href":"https:\/\/www.gsr-bamberg.de\/wordpress\/wp-json\/wp\/v2\/pages\/1076\/revisions\/2680"}],"up":[{"embeddable":true,"href":"https:\/\/www.gsr-bamberg.de\/wordpress\/wp-json\/wp\/v2\/pages\/37"}],"wp:attachment":[{"href":"https:\/\/www.gsr-bamberg.de\/wordpress\/wp-json\/wp\/v2\/media?parent=1076"}],"curies":[{"name":"wp","href":"https:\/\/api.w.org\/{rel}","templated":true}]}}