{"id":1087,"date":"2023-10-02T21:17:19","date_gmt":"2023-10-02T19:17:19","guid":{"rendered":"http:\/\/www.s665648207.online.de\/wordpress\/?page_id=1087"},"modified":"2023-10-03T14:47:12","modified_gmt":"2023-10-03T12:47:12","slug":"die-realschule","status":"publish","type":"page","link":"https:\/\/www.gsr-bamberg.de\/wordpress\/schulprofil\/die-realschule\/","title":{"rendered":"Die Realschule"},"content":{"rendered":"<p>Die Realschule ist eine allgemeinbildende Schule. In folgenden F\u00e4chern erh\u00e4lt jede Sch\u00fclerin und jeder Sch\u00fcler fundierte Grundkenntnisse und Kompetenzen:<br \/>\nMathematik, Deutsch, Englisch, Religion bzw. Ethik, Geschichte, Geographie, Gesellschaft und Politik, Biologie, Physik, Chemie, Sport, Musik, Informationstechnologie, Ern\u00e4hrung und Gesundheit, Wirtschaft und Recht, Werken.<\/p>\n<p>Alle Sch\u00fclerinnen und Sch\u00fcler legen eine Abschlusspr\u00fcfung in den F\u00e4chern Deutsch, Englisch und Mathematik ab, das vierte Pr\u00fcfungsfach h\u00e4ngt von der gew\u00e4hlten Ausbildungsrichtung ab (Physik, Betriebswirtschaftslehre, Franz\u00f6sisch oder Kunst). Mit diesen Pr\u00fcfungsf\u00e4chern wird die Grundlage f\u00fcr eine Fortf\u00fchrung des schulischen Bildungswegs hin zum Abitur geschaffen.<\/p>\n<p>An der Realschule k\u00f6nnen Ihre Kinder eine breite Allgemeinbildung erwerben, die wissenschaftlich, aber auch praktisch ausgerichtet ist.<br \/>\nDie Sch\u00fclerinnen und Sch\u00fcler werden damit sowohl<\/p>\n<ul>\n<li>auf die Aufnahme einer qualifizierten Berufsausbildung<\/li>\n<li>auf die Fortf\u00fchrung der Schullaufbahn an der Fachoberschule (Fachhochschulreife, fachgebundene oder allgemeine Hochschulreife)<\/li>\n<li>oder an der Einf\u00fchrungsklasse des Gymnasiums (Allgemeine Hochschulreife) vorbereitet.<\/li>\n<\/ul>\n<p><img loading=\"lazy\" decoding=\"async\" class=\"aligncenter wp-image-1159 size-full\" src=\"http:\/\/www.s665648207.online.de\/wordpress\/wp-content\/uploads\/2023\/10\/Realschule.png\" alt=\"\" width=\"2868\" height=\"731\" srcset=\"https:\/\/www.gsr-bamberg.de\/wordpress\/wp-content\/uploads\/2023\/10\/Realschule.png 2868w, https:\/\/www.gsr-bamberg.de\/wordpress\/wp-content\/uploads\/2023\/10\/Realschule-300x76.png 300w, https:\/\/www.gsr-bamberg.de\/wordpress\/wp-content\/uploads\/2023\/10\/Realschule-1024x261.png 1024w, https:\/\/www.gsr-bamberg.de\/wordpress\/wp-content\/uploads\/2023\/10\/Realschule-768x196.png 768w, https:\/\/www.gsr-bamberg.de\/wordpress\/wp-content\/uploads\/2023\/10\/Realschule-1536x391.png 1536w, https:\/\/www.gsr-bamberg.de\/wordpress\/wp-content\/uploads\/2023\/10\/Realschule-2048x522.png 2048w\" sizes=\"auto, (max-width: 2868px) 100vw, 2868px\" \/><\/p>\n<p>Nach der Mittleren Reife an der Realschule stehen also alle T\u00fcren offen!<\/p>\n","protected":false},"excerpt":{"rendered":"<p>Die Realschule ist eine allgemeinbildende Schule. In folgenden F\u00e4chern erh\u00e4lt jede Sch\u00fclerin und jeder Sch\u00fcler fundierte Grundkenntnisse und Kompetenzen: Mathematik, Deutsch, Englisch, Religion bzw. Ethik, Geschichte, Geographie, Gesellschaft und Politik, [&hellip;]<\/p>\n","protected":false},"author":1,"featured_media":0,"parent":37,"menu_order":0,"comment_status":"closed","ping_status":"closed","template":"","meta":{"ngg_post_thumbnail":0,"footnotes":""},"class_list":["post-1087","page","type-page","status-publish","hentry"],"_links":{"self":[{"href":"https:\/\/www.gsr-bamberg.de\/wordpress\/wp-json\/wp\/v2\/pages\/1087","targetHints":{"allow":["GET"]}}],"collection":[{"href":"https:\/\/www.gsr-bamberg.de\/wordpress\/wp-json\/wp\/v2\/pages"}],"about":[{"href":"https:\/\/www.gsr-bamberg.de\/wordpress\/wp-json\/wp\/v2\/types\/page"}],"author":[{"embeddable":true,"href":"https:\/\/www.gsr-bamberg.de\/wordpress\/wp-json\/wp\/v2\/users\/1"}],"replies":[{"embeddable":true,"href":"https:\/\/www.gsr-bamberg.de\/wordpress\/wp-json\/wp\/v2\/comments?post=1087"}],"version-history":[{"count":5,"href":"https:\/\/www.gsr-bamberg.de\/wordpress\/wp-json\/wp\/v2\/pages\/1087\/revisions"}],"predecessor-version":[{"id":1160,"href":"https:\/\/www.gsr-bamberg.de\/wordpress\/wp-json\/wp\/v2\/pages\/1087\/revisions\/1160"}],"up":[{"embeddable":true,"href":"https:\/\/www.gsr-bamberg.de\/wordpress\/wp-json\/wp\/v2\/pages\/37"}],"wp:attachment":[{"href":"https:\/\/www.gsr-bamberg.de\/wordpress\/wp-json\/wp\/v2\/media?parent=1087"}],"curies":[{"name":"wp","href":"https:\/\/api.w.org\/{rel}","templated":true}]}}