{"id":1090,"date":"2023-10-02T21:32:54","date_gmt":"2023-10-02T19:32:54","guid":{"rendered":"http:\/\/www.s665648207.online.de\/wordpress\/?page_id=1090"},"modified":"2023-10-17T21:25:59","modified_gmt":"2023-10-17T19:25:59","slug":"fair-trade-schule","status":"publish","type":"page","link":"https:\/\/www.gsr-bamberg.de\/wordpress\/schulprofil\/fair-trade-schule\/","title":{"rendered":"FairTrade Schule"},"content":{"rendered":"<p>Wir sind eine FairTrade Schule<\/p>\n<p>Wir machen mit und bringen den fairen Handel an unsere Schule. Mit unserem Engagement hierf\u00fcr unterst\u00fctzen wir einen nachhaltigen Konsum,<br \/>\nwovon Produzentengruppen im globalen S\u00fcden profitieren. Als FairTrade Schule \u00fcbernehmen wir Verantwortung und zeigen, dass wir uns f\u00fcr bessere Lebens- und Arbeitsbedingungen von Produzent*innen und ihren Familien einsetzen.<\/p>\n<p>Der erste Schritt zur Erf\u00fcllung der f\u00fcnf Kriterien einer FairTrade Schule ist die Gr\u00fcndung eines Schulteams. Dieses Team besteht aus Sch\u00fclerinnen und Sch\u00fclern, Lehrkr\u00e4ften, Eltern und weiteren Interessierten. Das Team bespricht bei regelm\u00e4\u00dfigen Treffen die Aktivit\u00e4ten rund um den fairen Handel an der Schule.<\/p>\n<p>Der Fairtrade-Kompass ist ein Schriftst\u00fcck, das wir gemeinsam mit dem Schulteam erarbeiten. Er soll zusammenfassen, in welche Richtung sich der faire Handel an unserer Schule in den n\u00e4chsten zwei Jahren entwickeln soll. Mit dem Kompass best\u00e4tigen wir die Teilnahme an der Kampagne und die Unterst\u00fctzung f\u00fcr den fairen Handel.<\/p>\n<p>In unserem Pausenverkauf bieten wir fair gehandeltes Obst und kleine Snacks an. Au\u00dferdem sind unsere Schul-T-Shirts aus Fairtrade-zertifizierter \u00d6kobaumwolle, wodurch wir dem Konzept in der Schule Rechnung tragen<\/p>\n<p>Zudem geht es darum, den fairen Handel in den Unterricht mit aufzunehmen und sich dort intensiv mit dem Thema auseinanderzusetzen. Die Mitmacher-Gruppe besucht in diesem Zusammenhang jedes Schuljahr auch den Bamberger Weltladen, der diese Produkte verkauft und deckt sich dort mit Artikeln f\u00fcr den Pausenverkauf ein.<\/p>\n<p>Zuletzt erm\u00f6glichen Schulaktionen zum fairen Handel wie unsere Nikolausaktion oder das faire Fr\u00fchst\u00fcck an Projekttagen die gesamte Schulgemeinschaft zu erreichen, um ein Sensibilisieren f\u00fcr die Wichtigkeit des fairen Handels zu gew\u00e4hrleisten.<\/p>\n","protected":false},"excerpt":{"rendered":"<p>Wir sind eine FairTrade Schule Wir machen mit und bringen den fairen Handel an unsere Schule. Mit unserem Engagement hierf\u00fcr unterst\u00fctzen wir einen nachhaltigen Konsum, wovon Produzentengruppen im globalen S\u00fcden [&hellip;]<\/p>\n","protected":false},"author":1,"featured_media":0,"parent":37,"menu_order":0,"comment_status":"closed","ping_status":"closed","template":"","meta":{"ngg_post_thumbnail":0,"footnotes":""},"class_list":["post-1090","page","type-page","status-publish","hentry"],"_links":{"self":[{"href":"https:\/\/www.gsr-bamberg.de\/wordpress\/wp-json\/wp\/v2\/pages\/1090","targetHints":{"allow":["GET"]}}],"collection":[{"href":"https:\/\/www.gsr-bamberg.de\/wordpress\/wp-json\/wp\/v2\/pages"}],"about":[{"href":"https:\/\/www.gsr-bamberg.de\/wordpress\/wp-json\/wp\/v2\/types\/page"}],"author":[{"embeddable":true,"href":"https:\/\/www.gsr-bamberg.de\/wordpress\/wp-json\/wp\/v2\/users\/1"}],"replies":[{"embeddable":true,"href":"https:\/\/www.gsr-bamberg.de\/wordpress\/wp-json\/wp\/v2\/comments?post=1090"}],"version-history":[{"count":4,"href":"https:\/\/www.gsr-bamberg.de\/wordpress\/wp-json\/wp\/v2\/pages\/1090\/revisions"}],"predecessor-version":[{"id":1416,"href":"https:\/\/www.gsr-bamberg.de\/wordpress\/wp-json\/wp\/v2\/pages\/1090\/revisions\/1416"}],"up":[{"embeddable":true,"href":"https:\/\/www.gsr-bamberg.de\/wordpress\/wp-json\/wp\/v2\/pages\/37"}],"wp:attachment":[{"href":"https:\/\/www.gsr-bamberg.de\/wordpress\/wp-json\/wp\/v2\/media?parent=1090"}],"curies":[{"name":"wp","href":"https:\/\/api.w.org\/{rel}","templated":true}]}}