{"id":1111,"date":"2023-10-02T22:10:12","date_gmt":"2023-10-02T20:10:12","guid":{"rendered":"http:\/\/www.s665648207.online.de\/wordpress\/?page_id=1111"},"modified":"2024-04-29T10:48:57","modified_gmt":"2024-04-29T08:48:57","slug":"feste-und-feiern","status":"publish","type":"page","link":"https:\/\/www.gsr-bamberg.de\/wordpress\/schulleben\/feste-und-feiern\/","title":{"rendered":"Feste und Feiern"},"content":{"rendered":"<p>Schulfeste und -feiern sind ein fester Bestandteil unseres Schullebens. Sie bringen Eltern, Lehrkr\u00e4fte, Sch\u00fclerinnen und Sch\u00fcler in einem entspannten und immer besonderen Rahmen zusammen &#8211; egal ob Gottesdienste, Weihnachtsfeier, Sommerfest oder Abschlussfeier. Musikalische Beitr\u00e4ge der Bandklassen, der Schulbands, des Chors unterhalten das Publikum, Kulinarisches wird von Sch\u00fclergruppen und vom Elternbeirat angeboten &#8211; und je nach Feieranlass geh\u00f6ren weitere Aktivit\u00e4ten zum jeweiligen Fest. Kinder und Jugendliche freuen sich, einmal Talente au\u00dferhalb des Unterrichts einbringen und zeigen zu k\u00f6nnen. Zwanglose Gespr\u00e4che k\u00f6nnen Spannungen abbauen und Verst\u00e4ndnis zwischen den Mitgliedern der Schulgemeinschaft wachsen lassen.<\/p>\n<p>Die Einnahmen werden sozialen Projekten gespendet (Weihnachtsfeier) oder flie\u00dfen in die SMV-Arbeit (Sommerfest).<\/p>\n<p>Die hier eingestellten Berichte vermitteln einen konkreten Eindruck zu unseren Festen.<\/p>\n<p>Konkrete Berichte sind im Blog in der Kategorie \u201eFeste und Feiern\u201c zu finden.<\/p>\n","protected":false},"excerpt":{"rendered":"<p>Schulfeste und -feiern sind ein fester Bestandteil unseres Schullebens. Sie bringen Eltern, Lehrkr\u00e4fte, Sch\u00fclerinnen und Sch\u00fcler in einem entspannten und immer besonderen Rahmen zusammen &#8211; egal ob Gottesdienste, Weihnachtsfeier, Sommerfest [&hellip;]<\/p>\n","protected":false},"author":1,"featured_media":0,"parent":1037,"menu_order":0,"comment_status":"closed","ping_status":"closed","template":"","meta":{"ngg_post_thumbnail":0,"footnotes":""},"class_list":["post-1111","page","type-page","status-publish","hentry"],"_links":{"self":[{"href":"https:\/\/www.gsr-bamberg.de\/wordpress\/wp-json\/wp\/v2\/pages\/1111","targetHints":{"allow":["GET"]}}],"collection":[{"href":"https:\/\/www.gsr-bamberg.de\/wordpress\/wp-json\/wp\/v2\/pages"}],"about":[{"href":"https:\/\/www.gsr-bamberg.de\/wordpress\/wp-json\/wp\/v2\/types\/page"}],"author":[{"embeddable":true,"href":"https:\/\/www.gsr-bamberg.de\/wordpress\/wp-json\/wp\/v2\/users\/1"}],"replies":[{"embeddable":true,"href":"https:\/\/www.gsr-bamberg.de\/wordpress\/wp-json\/wp\/v2\/comments?post=1111"}],"version-history":[{"count":10,"href":"https:\/\/www.gsr-bamberg.de\/wordpress\/wp-json\/wp\/v2\/pages\/1111\/revisions"}],"predecessor-version":[{"id":1977,"href":"https:\/\/www.gsr-bamberg.de\/wordpress\/wp-json\/wp\/v2\/pages\/1111\/revisions\/1977"}],"up":[{"embeddable":true,"href":"https:\/\/www.gsr-bamberg.de\/wordpress\/wp-json\/wp\/v2\/pages\/1037"}],"wp:attachment":[{"href":"https:\/\/www.gsr-bamberg.de\/wordpress\/wp-json\/wp\/v2\/media?parent=1111"}],"curies":[{"name":"wp","href":"https:\/\/api.w.org\/{rel}","templated":true}]}}