{"id":112,"date":"2023-07-18T20:03:15","date_gmt":"2023-07-18T18:03:15","guid":{"rendered":"http:\/\/www.s665648207.online.de\/wordpress\/?page_id=112"},"modified":"2023-10-18T22:14:09","modified_gmt":"2023-10-18T20:14:09","slug":"lehrerkollegium","status":"publish","type":"page","link":"https:\/\/www.gsr-bamberg.de\/wordpress\/schulfamilie\/lehrerkollegium\/","title":{"rendered":"Lehrerkollegium"},"content":{"rendered":"<p>An unserer Schule unterrichten aktuell 37 Kolleginnen und Kollegen, 18 Frauen und 19 M\u00e4nner. Die j\u00fcngste Lehrkraft ist 31 Jahre alt, die \u00e4ltesten beiden 62.<\/p>\n<p>Aus Datenschutzgr\u00fcnden wird auf eine namentliche Erw\u00e4hnung verzichtet. Wenden Sie sich bitte an unser Sekretariat, wenn Sie Kontakt zu Lehrkr\u00e4ften aufnehmen wollen.<\/p>\n","protected":false},"excerpt":{"rendered":"<p>An unserer Schule unterrichten aktuell 37 Kolleginnen und Kollegen, 18 Frauen und 19 M\u00e4nner. Die j\u00fcngste Lehrkraft ist 31 Jahre alt, die \u00e4ltesten beiden 62. Aus Datenschutzgr\u00fcnden wird auf eine [&hellip;]<\/p>\n","protected":false},"author":1,"featured_media":0,"parent":365,"menu_order":0,"comment_status":"closed","ping_status":"closed","template":"","meta":{"ngg_post_thumbnail":0,"footnotes":""},"class_list":["post-112","page","type-page","status-publish","hentry"],"_links":{"self":[{"href":"https:\/\/www.gsr-bamberg.de\/wordpress\/wp-json\/wp\/v2\/pages\/112","targetHints":{"allow":["GET"]}}],"collection":[{"href":"https:\/\/www.gsr-bamberg.de\/wordpress\/wp-json\/wp\/v2\/pages"}],"about":[{"href":"https:\/\/www.gsr-bamberg.de\/wordpress\/wp-json\/wp\/v2\/types\/page"}],"author":[{"embeddable":true,"href":"https:\/\/www.gsr-bamberg.de\/wordpress\/wp-json\/wp\/v2\/users\/1"}],"replies":[{"embeddable":true,"href":"https:\/\/www.gsr-bamberg.de\/wordpress\/wp-json\/wp\/v2\/comments?post=112"}],"version-history":[{"count":4,"href":"https:\/\/www.gsr-bamberg.de\/wordpress\/wp-json\/wp\/v2\/pages\/112\/revisions"}],"predecessor-version":[{"id":1409,"href":"https:\/\/www.gsr-bamberg.de\/wordpress\/wp-json\/wp\/v2\/pages\/112\/revisions\/1409"}],"up":[{"embeddable":true,"href":"https:\/\/www.gsr-bamberg.de\/wordpress\/wp-json\/wp\/v2\/pages\/365"}],"wp:attachment":[{"href":"https:\/\/www.gsr-bamberg.de\/wordpress\/wp-json\/wp\/v2\/media?parent=112"}],"curies":[{"name":"wp","href":"https:\/\/api.w.org\/{rel}","templated":true}]}}