{"id":1120,"date":"2023-10-02T22:20:13","date_gmt":"2023-10-02T20:20:13","guid":{"rendered":"http:\/\/www.s665648207.online.de\/wordpress\/?page_id=1120"},"modified":"2023-11-28T17:55:14","modified_gmt":"2023-11-28T16:55:14","slug":"sport","status":"publish","type":"page","link":"https:\/\/www.gsr-bamberg.de\/wordpress\/schulleben\/sport-und-spiel\/sport\/","title":{"rendered":"Sport"},"content":{"rendered":"<p>Sport f\u00f6rdert die geistige und die k\u00f6rperliche Gesundheit, weshalb uns sportliche Angebote \u00fcber den regul\u00e4ren Sportunterricht hinaus wichtig sind:<\/p>\n<p><strong>Profilklasse Sport<\/strong><\/p>\n<p>Sportbegeisterte Sch\u00fclerinnen und Sch\u00fcler der 5. und 6. Klassen erhalten in der Profilklasse Sport die M\u00f6glichkeit f\u00fcr zus\u00e4tzliche sportliche Aktivit\u00e4ten. Zwei weitere Sportstunden erm\u00f6glichen es, eine breite konditionelle und koordinative Basis zu schaffen und praktische Einblicke in verschiedene Sportarten zu bieten.<\/p>\n<p><strong>Schwimmabzeichen <\/strong><\/p>\n<p>\u201eZahl der Nichtschwimmer im Grundschulalter hat sich verdoppelt\u201c. So berichtete die DLRG in ihrer Pressemeldung vom 24.01.2023. Grundlage war eine von der DLRG beauftrage Befragung durch forsa.<\/p>\n<p>Viele Schwimmkurse sind im Laufe der Corona-Jahre ausgefallen, so dass die Schwimmausbildung nachgeholt werden muss.<\/p>\n<p>Die Graf-Stauffenberg Realschule unterst\u00fctzt daher in der 5.- und 6. Klasse die Nichtschwimmer. Beide Jahrgangsstufen werden mit zwei Schwimmlehrern unterrichtet, so dass die Schwimmer und Nichtschwimmer parallel angeleitet werden k\u00f6nnen. Dies erm\u00f6glicht eine gezielte Differenzierung hinsichtlich des Schwimmniveaus der Kinder.<\/p>\n<p>F\u00fcr die Nichtschwimmer soll ein sicherer und angstfreier Zugang zum Bewegungsraum Wasser erreicht werden.<\/p>\n<p>In allen Jahrgangsstufen besteht das Angebot zum Ablegen des Schwimmabzeichens (Deutsche Pr\u00fcfungsordnung Schwimmen) \u2013 entweder im Rahmen des Sportunterrichts oder an den Projettagen im Juli.<\/p>\n<table>\n<tbody>\n<tr>\n<td width=\"378\"><strong>Jahrgangsstufe<\/strong><\/td>\n<td width=\"378\"><strong>Ziel<\/strong><\/td>\n<\/tr>\n<tr>\n<td width=\"378\">5. Klasse<\/td>\n<td width=\"378\">Schwimmabzeichen Bronze<\/td>\n<\/tr>\n<tr>\n<td width=\"378\">6. Klasse<\/td>\n<td width=\"378\">Schwimmabzeichen Silber<\/td>\n<\/tr>\n<tr>\n<td width=\"378\">7. \u2013 10. Klasse<\/td>\n<td width=\"378\">Schwimmabzeichen Gold<\/td>\n<\/tr>\n<\/tbody>\n<\/table>\n<p>Die Graf-Stauffenberg-Realschule nimmt mit der Anzahl aller in einem Schuljahr abgelegten Schwimmabzeichen am bayernweiten Schwimmabzeichen-Schulwettbewerb \u201eMit Sicherheit mehr Wasserspa\u00df!\u201c teil.<\/p>\n<p>Ansprechpartner:&nbsp; Dr. R\u00fcdiger Schneider (<a href=\"mailto:schneider@gsr-bamberg.de\">schneider@gsr-bamberg.de<\/a>)<\/p>\n<p>Die Pr\u00fcfungsordnung f\u00fcr das Schwimmabzeichen k\u00f6nnen Sie <a href=\"https:\/\/bfs-schwimmausbildung.de\/fileadmin\/user_upload\/Downloadbereich\/20191106___Flyer_DPO.pdf\" target=\"_blank\" rel=\"noopener\">hier<\/a> herunterladen.<\/p>\n<p><strong>Schulsportmeisterschaften<\/strong><\/p>\n<p>Die Graf-Stauffenberg- Realschule nimmt regelm\u00e4\u00dfig mit Teams an Schulsportmeisterschaften in verschiedenen Disziplinen teil.<\/p>\n<p><strong>Skikurs<\/strong><\/p>\n<p>Unsere Sch\u00fclerinnen und Sch\u00fcler erleben eine sportliche Woche in au\u00dfergew\u00f6hnlicher Natur, wenn sie in der 7. Klasse zum Skikurs aufbrechen.<\/p>\n<p><strong>Wahlfach Sport <\/strong><\/p>\n<p>Sofern es die Personalsituation erlaubt, gibt es verschiedene sportliche Angebote im Rahmen eines Wahlfaches Sport.<\/p>\n<p>Ein Renner ist das Krafttraining, das wir anbieten k\u00f6nnen, da unsere Halle mit einem Kraftraum ausgestattet ist.<\/p>\n","protected":false},"excerpt":{"rendered":"<p>Sport f\u00f6rdert die geistige und die k\u00f6rperliche Gesundheit, weshalb uns sportliche Angebote \u00fcber den regul\u00e4ren Sportunterricht hinaus wichtig sind: Profilklasse Sport Sportbegeisterte Sch\u00fclerinnen und Sch\u00fcler der 5. und 6. Klassen [&hellip;]<\/p>\n","protected":false},"author":1,"featured_media":0,"parent":1107,"menu_order":0,"comment_status":"closed","ping_status":"closed","template":"","meta":{"ngg_post_thumbnail":0,"footnotes":""},"class_list":["post-1120","page","type-page","status-publish","hentry"],"_links":{"self":[{"href":"https:\/\/www.gsr-bamberg.de\/wordpress\/wp-json\/wp\/v2\/pages\/1120","targetHints":{"allow":["GET"]}}],"collection":[{"href":"https:\/\/www.gsr-bamberg.de\/wordpress\/wp-json\/wp\/v2\/pages"}],"about":[{"href":"https:\/\/www.gsr-bamberg.de\/wordpress\/wp-json\/wp\/v2\/types\/page"}],"author":[{"embeddable":true,"href":"https:\/\/www.gsr-bamberg.de\/wordpress\/wp-json\/wp\/v2\/users\/1"}],"replies":[{"embeddable":true,"href":"https:\/\/www.gsr-bamberg.de\/wordpress\/wp-json\/wp\/v2\/comments?post=1120"}],"version-history":[{"count":9,"href":"https:\/\/www.gsr-bamberg.de\/wordpress\/wp-json\/wp\/v2\/pages\/1120\/revisions"}],"predecessor-version":[{"id":1699,"href":"https:\/\/www.gsr-bamberg.de\/wordpress\/wp-json\/wp\/v2\/pages\/1120\/revisions\/1699"}],"up":[{"embeddable":true,"href":"https:\/\/www.gsr-bamberg.de\/wordpress\/wp-json\/wp\/v2\/pages\/1107"}],"wp:attachment":[{"href":"https:\/\/www.gsr-bamberg.de\/wordpress\/wp-json\/wp\/v2\/media?parent=1120"}],"curies":[{"name":"wp","href":"https:\/\/api.w.org\/{rel}","templated":true}]}}