{"id":1123,"date":"2023-10-02T22:23:11","date_gmt":"2023-10-02T20:23:11","guid":{"rendered":"http:\/\/www.s665648207.online.de\/wordpress\/?page_id=1123"},"modified":"2023-10-25T23:35:17","modified_gmt":"2023-10-25T21:35:17","slug":"schule-unterwegs","status":"publish","type":"page","link":"https:\/\/www.gsr-bamberg.de\/wordpress\/schulleben\/schule-unterwegs\/","title":{"rendered":"Schule unterwegs"},"content":{"rendered":"<p>Gemeinsam unterwegs sein bedeutet, zusammen Interessantes zu erleben, Lehrkr\u00e4fte sowie Mitsch\u00fclerinnen und Mitsch\u00fcler mal au\u00dferhalb des Unterrichts von einer vielleicht ganz anderen Seite kennenzulernen, den eigenen Horizont zu erweitern \u2026 Gemeinsam unterwegs sein st\u00e4rkt die Klassen- und die Schulgemeinschaft.<\/p>\n<p>Mehrtagesfahrten sind uns deshalb wichtig und \u00fcblicherweise werden an der Graf-Stauffenberg-Realschule folgende Fahrten durchgef\u00fchrt:<\/p>\n<ul>\n<li>Schullandheimaufenthalt in Jgst. 5 oder 6<\/li>\n<li>Skikurs in Jgst. 7<\/li>\n<li>Abschlussfahrt in Jgst. 10<\/li>\n<\/ul>\n","protected":false},"excerpt":{"rendered":"<p>Gemeinsam unterwegs sein bedeutet, zusammen Interessantes zu erleben, Lehrkr\u00e4fte sowie Mitsch\u00fclerinnen und Mitsch\u00fcler mal au\u00dferhalb des Unterrichts von einer vielleicht ganz anderen Seite kennenzulernen, den eigenen Horizont zu erweitern \u2026 [&hellip;]<\/p>\n","protected":false},"author":1,"featured_media":0,"parent":1037,"menu_order":0,"comment_status":"closed","ping_status":"closed","template":"","meta":{"ngg_post_thumbnail":0,"footnotes":""},"class_list":["post-1123","page","type-page","status-publish","hentry"],"_links":{"self":[{"href":"https:\/\/www.gsr-bamberg.de\/wordpress\/wp-json\/wp\/v2\/pages\/1123","targetHints":{"allow":["GET"]}}],"collection":[{"href":"https:\/\/www.gsr-bamberg.de\/wordpress\/wp-json\/wp\/v2\/pages"}],"about":[{"href":"https:\/\/www.gsr-bamberg.de\/wordpress\/wp-json\/wp\/v2\/types\/page"}],"author":[{"embeddable":true,"href":"https:\/\/www.gsr-bamberg.de\/wordpress\/wp-json\/wp\/v2\/users\/1"}],"replies":[{"embeddable":true,"href":"https:\/\/www.gsr-bamberg.de\/wordpress\/wp-json\/wp\/v2\/comments?post=1123"}],"version-history":[{"count":9,"href":"https:\/\/www.gsr-bamberg.de\/wordpress\/wp-json\/wp\/v2\/pages\/1123\/revisions"}],"predecessor-version":[{"id":1560,"href":"https:\/\/www.gsr-bamberg.de\/wordpress\/wp-json\/wp\/v2\/pages\/1123\/revisions\/1560"}],"up":[{"embeddable":true,"href":"https:\/\/www.gsr-bamberg.de\/wordpress\/wp-json\/wp\/v2\/pages\/1037"}],"wp:attachment":[{"href":"https:\/\/www.gsr-bamberg.de\/wordpress\/wp-json\/wp\/v2\/media?parent=1123"}],"curies":[{"name":"wp","href":"https:\/\/api.w.org\/{rel}","templated":true}]}}