{"id":1135,"date":"2023-10-02T23:03:41","date_gmt":"2023-10-02T21:03:41","guid":{"rendered":"http:\/\/www.s665648207.online.de\/wordpress\/?page_id=1135"},"modified":"2025-10-15T11:14:10","modified_gmt":"2025-10-15T09:14:10","slug":"schulpsychologe","status":"publish","type":"page","link":"https:\/\/www.gsr-bamberg.de\/wordpress\/service\/beratung\/schulpsychologe\/","title":{"rendered":"Schulpsychologe"},"content":{"rendered":"<div class=\"gca-column one-half first\">Unser Schulpsychologe Manuel Hintermayr bietet als Ansprechpartner f\u00fcr Sch\u00fclerinnen und Sch\u00fcler sowie f\u00fcr Erziehungsberechtigte Unterst\u00fctzung in folgenden Bereichen:<\/p>\n<ul>\n<li>\u00dcberpr\u00fcfung einer Lese-\/und oder Rechtschreibst\u00f6rung<\/li>\n<li>Schulische Konflikte<\/li>\n<li>Motivations- oder Konzentrationsprobleme<\/li>\n<li>Lern- oder Leistungsschwierigkeiten<\/li>\n<li>Verhaltensauff\u00e4lligkeiten<\/li>\n<li>Konflikte und pers\u00f6nliche Krisen<\/li>\n<li>Inklusion<\/li>\n<\/ul><\/div>\n<div class=\"gca-column one-half\"><img loading=\"lazy\" decoding=\"async\" class=\"alignnone wp-image-3002 size-medium\" src=\"https:\/\/www.gsr-bamberg.de\/wordpress\/wp-content\/uploads\/2025\/10\/Foto_Website_Psychologe-264x300.jpg\" alt=\"\" width=\"264\" height=\"300\" srcset=\"https:\/\/www.gsr-bamberg.de\/wordpress\/wp-content\/uploads\/2025\/10\/Foto_Website_Psychologe-264x300.jpg 264w, https:\/\/www.gsr-bamberg.de\/wordpress\/wp-content\/uploads\/2025\/10\/Foto_Website_Psychologe.jpg 690w\" sizes=\"auto, (max-width: 264px) 100vw, 264px\" \/><br \/><\/div>\n<p>&nbsp;<\/p>\n<p>&nbsp;<\/p>\n<h3>Pers\u00f6nliche Beratungsgespr\u00e4che nach Vereinbarung unter<\/h3>\n<ul>\n<li>E-Mail: manuel.hintermayr@stadt.bamberg.de<\/li>\n<li>Telefon: 0951\/ 9146 306 (Beratungszimmer des Eichendorff Gymnasiums)<\/li>\n<\/ul>\n","protected":false},"excerpt":{"rendered":"<p>&nbsp; &nbsp; Pers\u00f6nliche Beratungsgespr\u00e4che nach Vereinbarung unter E-Mail: manuel.hintermayr@stadt.bamberg.de Telefon: 0951\/ 9146 306 (Beratungszimmer des Eichendorff Gymnasiums)<\/p>\n","protected":false},"author":1,"featured_media":0,"parent":122,"menu_order":0,"comment_status":"closed","ping_status":"closed","template":"","meta":{"ngg_post_thumbnail":0,"footnotes":""},"class_list":["post-1135","page","type-page","status-publish","hentry"],"_links":{"self":[{"href":"https:\/\/www.gsr-bamberg.de\/wordpress\/wp-json\/wp\/v2\/pages\/1135","targetHints":{"allow":["GET"]}}],"collection":[{"href":"https:\/\/www.gsr-bamberg.de\/wordpress\/wp-json\/wp\/v2\/pages"}],"about":[{"href":"https:\/\/www.gsr-bamberg.de\/wordpress\/wp-json\/wp\/v2\/types\/page"}],"author":[{"embeddable":true,"href":"https:\/\/www.gsr-bamberg.de\/wordpress\/wp-json\/wp\/v2\/users\/1"}],"replies":[{"embeddable":true,"href":"https:\/\/www.gsr-bamberg.de\/wordpress\/wp-json\/wp\/v2\/comments?post=1135"}],"version-history":[{"count":13,"href":"https:\/\/www.gsr-bamberg.de\/wordpress\/wp-json\/wp\/v2\/pages\/1135\/revisions"}],"predecessor-version":[{"id":3009,"href":"https:\/\/www.gsr-bamberg.de\/wordpress\/wp-json\/wp\/v2\/pages\/1135\/revisions\/3009"}],"up":[{"embeddable":true,"href":"https:\/\/www.gsr-bamberg.de\/wordpress\/wp-json\/wp\/v2\/pages\/122"}],"wp:attachment":[{"href":"https:\/\/www.gsr-bamberg.de\/wordpress\/wp-json\/wp\/v2\/media?parent=1135"}],"curies":[{"name":"wp","href":"https:\/\/api.w.org\/{rel}","templated":true}]}}