{"id":114,"date":"2023-07-18T20:04:02","date_gmt":"2023-07-18T18:04:02","guid":{"rendered":"http:\/\/www.s665648207.online.de\/wordpress\/?page_id=114"},"modified":"2025-02-27T18:05:48","modified_gmt":"2025-02-27T17:05:48","slug":"wahlpflicht-faechergruppen","status":"publish","type":"page","link":"https:\/\/www.gsr-bamberg.de\/wordpress\/schulprofil\/wahlpflicht-faechergruppen\/","title":{"rendered":"Wahlpflichtf\u00e4chergruppen"},"content":{"rendered":"<p>Jede\/r soll sich gem\u00e4\u00df seinen F\u00e4higkeiten und Interessen entwickeln k\u00f6nnen.<br \/>\nAb der 7. Klasse entscheidet man sich deshalb f\u00fcr einen der folgenden Zweige und damit auch f\u00fcr ein viertes Abschlusspr\u00fcfungsfach:<\/p>\n<h3>Mathematisch-naturwissenschaftlich-technisch<\/h3>\n<p>Mathematik, Physik und Chemie werden in verst\u00e4rktem Umfang unterrichtet.<br \/>\nWeitere Informationen finden Sie <a href=\"https:\/\/www.gsr-bamberg.de\/wordpress\/wp-content\/uploads\/2024\/03\/WPFG-I_mathematisch-naturwissenschaftl.pdf\">hier<\/a>.<\/p>\n<h3>Wirtschaftswissenschaftlich<\/h3>\n<p>Betriebswirtschaftslehre\/Rechnungswesen sowie Wirtschaft und Recht sind Schwerpunkte.<br \/>\nWeitere Informationen finden Sie <a href=\"https:\/\/www.gsr-bamberg.de\/wordpress\/wp-content\/uploads\/2024\/03\/WPFG-II_wirtschaftlich.pdf\">hier<\/a>.<\/p>\n<h3>Fremdsprachlich<\/h3>\n<p>Franz\u00f6sisch wird als zweite Fremdsprache erlernt und es werden auch Grundlagen in den F\u00e4chern Betriebswirtschaftslehre\/Rechnungswesen und Wirtschaft und Recht unterrichtet.<br \/>\nWeitere Informationen finden Sie <a href=\"https:\/\/www.gsr-bamberg.de\/wordpress\/wp-content\/uploads\/2024\/03\/WPFG-IIIb_fremdsprachlich_Franzoesisch.pdf\">hier<\/a>.<\/p>\n<h3>K\u00fcnstlerisch<\/h3>\n<p>Im Fach Kunst kann man seine Kreativit\u00e4t ausbilden <a href=\"https:\/\/www.gsr-bamberg.de\/wordpress\/wp-content\/uploads\/2025\/02\/WPFG-IIIa_Kunst.pptx\">hier<\/a>.<\/p>\n<p>&nbsp;<\/p>\n<p>F\u00fcr weitere Informationen empfehlen wir folgenden Link:<br \/>\n<a href=\"https:\/\/www.realschulebayern.de\/realschule\/realschule-in-bayern\/wahlpflichtfaechergruppen\/\">https:\/\/www.realschulebayern.de\/realschule\/realschule-in-bayern\/wahlpflichtfaechergruppen\/<\/a><\/p>\n","protected":false},"excerpt":{"rendered":"<p>Jede\/r soll sich gem\u00e4\u00df seinen F\u00e4higkeiten und Interessen entwickeln k\u00f6nnen. Ab der 7. Klasse entscheidet man sich deshalb f\u00fcr einen der folgenden Zweige und damit auch f\u00fcr ein viertes Abschlusspr\u00fcfungsfach: [&hellip;]<\/p>\n","protected":false},"author":1,"featured_media":0,"parent":37,"menu_order":0,"comment_status":"closed","ping_status":"closed","template":"","meta":{"ngg_post_thumbnail":0,"footnotes":""},"class_list":["post-114","page","type-page","status-publish","hentry"],"_links":{"self":[{"href":"https:\/\/www.gsr-bamberg.de\/wordpress\/wp-json\/wp\/v2\/pages\/114","targetHints":{"allow":["GET"]}}],"collection":[{"href":"https:\/\/www.gsr-bamberg.de\/wordpress\/wp-json\/wp\/v2\/pages"}],"about":[{"href":"https:\/\/www.gsr-bamberg.de\/wordpress\/wp-json\/wp\/v2\/types\/page"}],"author":[{"embeddable":true,"href":"https:\/\/www.gsr-bamberg.de\/wordpress\/wp-json\/wp\/v2\/users\/1"}],"replies":[{"embeddable":true,"href":"https:\/\/www.gsr-bamberg.de\/wordpress\/wp-json\/wp\/v2\/comments?post=114"}],"version-history":[{"count":11,"href":"https:\/\/www.gsr-bamberg.de\/wordpress\/wp-json\/wp\/v2\/pages\/114\/revisions"}],"predecessor-version":[{"id":2666,"href":"https:\/\/www.gsr-bamberg.de\/wordpress\/wp-json\/wp\/v2\/pages\/114\/revisions\/2666"}],"up":[{"embeddable":true,"href":"https:\/\/www.gsr-bamberg.de\/wordpress\/wp-json\/wp\/v2\/pages\/37"}],"wp:attachment":[{"href":"https:\/\/www.gsr-bamberg.de\/wordpress\/wp-json\/wp\/v2\/media?parent=114"}],"curies":[{"name":"wp","href":"https:\/\/api.w.org\/{rel}","templated":true}]}}