{"id":116,"date":"2023-07-18T20:04:54","date_gmt":"2023-07-18T18:04:54","guid":{"rendered":"http:\/\/www.s665648207.online.de\/wordpress\/?page_id=116"},"modified":"2023-10-14T15:39:54","modified_gmt":"2023-10-14T13:39:54","slug":"blaesergruppe","status":"publish","type":"page","link":"https:\/\/www.gsr-bamberg.de\/wordpress\/schulleben\/musische-bildung\/blaesergruppe\/","title":{"rendered":"Bl\u00e4sergruppe"},"content":{"rendered":"<p>Als \u201eBlue Brass Band\u201c konnten wir am Sommerfest im Schuljahr 2022\/23 ein musikalisches Ausrufezeichen setzen, in diesem Schuljahr gibt es die Bl\u00e4sergruppe nach langer Zeit wieder als regul\u00e4res Wahlfach. Eingeladen sind vor allem Sch\u00fcler*innen, die ein Blasinstrument wie beispielsweise Querfl\u00f6te, Klarinette, Saxophon, Trompete, Tenorhorn, Posaune oder Tuba beherrschen. Doch auch Trommler*innen und Schlagzeuger*innen sind herzlich eingeladen!<br \/>\nWir spielen in diesem Schuljahr fetzige St\u00fccke wie \u201eSeven Nation Army\u201c oder \u201eI Like To Move It\u201c, f\u00fcr die Weihnachtsfeier werden wir nat\u00fcrlich auch festliche Titel einstudieren.<br \/>\nLeitung: Andreas Richter<\/p>\n","protected":false},"excerpt":{"rendered":"<p>Als \u201eBlue Brass Band\u201c konnten wir am Sommerfest im Schuljahr 2022\/23 ein musikalisches Ausrufezeichen setzen, in diesem Schuljahr gibt es die Bl\u00e4sergruppe nach langer Zeit wieder als regul\u00e4res Wahlfach. Eingeladen [&hellip;]<\/p>\n","protected":false},"author":1,"featured_media":0,"parent":1104,"menu_order":0,"comment_status":"closed","ping_status":"closed","template":"","meta":{"ngg_post_thumbnail":0,"footnotes":""},"class_list":["post-116","page","type-page","status-publish","hentry"],"_links":{"self":[{"href":"https:\/\/www.gsr-bamberg.de\/wordpress\/wp-json\/wp\/v2\/pages\/116","targetHints":{"allow":["GET"]}}],"collection":[{"href":"https:\/\/www.gsr-bamberg.de\/wordpress\/wp-json\/wp\/v2\/pages"}],"about":[{"href":"https:\/\/www.gsr-bamberg.de\/wordpress\/wp-json\/wp\/v2\/types\/page"}],"author":[{"embeddable":true,"href":"https:\/\/www.gsr-bamberg.de\/wordpress\/wp-json\/wp\/v2\/users\/1"}],"replies":[{"embeddable":true,"href":"https:\/\/www.gsr-bamberg.de\/wordpress\/wp-json\/wp\/v2\/comments?post=116"}],"version-history":[{"count":6,"href":"https:\/\/www.gsr-bamberg.de\/wordpress\/wp-json\/wp\/v2\/pages\/116\/revisions"}],"predecessor-version":[{"id":1386,"href":"https:\/\/www.gsr-bamberg.de\/wordpress\/wp-json\/wp\/v2\/pages\/116\/revisions\/1386"}],"up":[{"embeddable":true,"href":"https:\/\/www.gsr-bamberg.de\/wordpress\/wp-json\/wp\/v2\/pages\/1104"}],"wp:attachment":[{"href":"https:\/\/www.gsr-bamberg.de\/wordpress\/wp-json\/wp\/v2\/media?parent=116"}],"curies":[{"name":"wp","href":"https:\/\/api.w.org\/{rel}","templated":true}]}}