{"id":1195,"date":"2023-10-03T17:09:55","date_gmt":"2023-10-03T15:09:55","guid":{"rendered":"http:\/\/www.s665648207.online.de\/wordpress\/?page_id=1195"},"modified":"2024-05-23T11:07:50","modified_gmt":"2024-05-23T09:07:50","slug":"musik-computer","status":"publish","type":"page","link":"https:\/\/www.gsr-bamberg.de\/wordpress\/schulleben\/musische-bildung\/musik-computer\/","title":{"rendered":"Musik &#038; Computer"},"content":{"rendered":"<p>Du wolltest schon immer wissen, wie man einen Beat am Computer bastelt? Du schreibst Rap-Texte und m\u00f6chtest diese aufnehmen? Dann ist vielleicht die AG Computer &amp; Musik genau das Richtige f\u00fcr dich. Hier lernen wir n\u00e4mlich elektronische Popmusik (z.B. Hip-Hop, Techno oder Dubstep) mit geeigneter Software am Computer zu produzieren.<br \/>\nVoraussetzung: Lust an der Arbeit am Computer, Spa\u00df am Experimentieren mit Musik.<\/p>\n<p>Leitung: Andreas Richter | Zeit: Montag, 13:15 Uhr-14:00 Uhr | Teilnahme ab Klasse 6<\/p>\n","protected":false},"excerpt":{"rendered":"<p>Du wolltest schon immer wissen, wie man einen Beat am Computer bastelt? Du schreibst Rap-Texte und m\u00f6chtest diese aufnehmen? Dann ist vielleicht die AG Computer &amp; Musik genau das Richtige [&hellip;]<\/p>\n","protected":false},"author":2,"featured_media":0,"parent":1104,"menu_order":0,"comment_status":"closed","ping_status":"closed","template":"","meta":{"ngg_post_thumbnail":0,"footnotes":""},"class_list":["post-1195","page","type-page","status-publish","hentry"],"_links":{"self":[{"href":"https:\/\/www.gsr-bamberg.de\/wordpress\/wp-json\/wp\/v2\/pages\/1195","targetHints":{"allow":["GET"]}}],"collection":[{"href":"https:\/\/www.gsr-bamberg.de\/wordpress\/wp-json\/wp\/v2\/pages"}],"about":[{"href":"https:\/\/www.gsr-bamberg.de\/wordpress\/wp-json\/wp\/v2\/types\/page"}],"author":[{"embeddable":true,"href":"https:\/\/www.gsr-bamberg.de\/wordpress\/wp-json\/wp\/v2\/users\/2"}],"replies":[{"embeddable":true,"href":"https:\/\/www.gsr-bamberg.de\/wordpress\/wp-json\/wp\/v2\/comments?post=1195"}],"version-history":[{"count":4,"href":"https:\/\/www.gsr-bamberg.de\/wordpress\/wp-json\/wp\/v2\/pages\/1195\/revisions"}],"predecessor-version":[{"id":2022,"href":"https:\/\/www.gsr-bamberg.de\/wordpress\/wp-json\/wp\/v2\/pages\/1195\/revisions\/2022"}],"up":[{"embeddable":true,"href":"https:\/\/www.gsr-bamberg.de\/wordpress\/wp-json\/wp\/v2\/pages\/1104"}],"wp:attachment":[{"href":"https:\/\/www.gsr-bamberg.de\/wordpress\/wp-json\/wp\/v2\/media?parent=1195"}],"curies":[{"name":"wp","href":"https:\/\/api.w.org\/{rel}","templated":true}]}}