{"id":126,"date":"2023-07-18T20:14:40","date_gmt":"2023-07-18T18:14:40","guid":{"rendered":"http:\/\/www.s665648207.online.de\/wordpress\/?page_id=126"},"modified":"2025-12-03T09:23:29","modified_gmt":"2025-12-03T08:23:29","slug":"schuelersprecher","status":"publish","type":"page","link":"https:\/\/www.gsr-bamberg.de\/wordpress\/schulfamilie\/schuelersprecher\/","title":{"rendered":"Sch\u00fclermitverantwortung"},"content":{"rendered":"<div id=\"cc-m-12342290849\" class=\"j-module n j-hgrid \">\n<div class=\"cc-m-hgrid-column\">\n<div id=\"cc-matrix-3444293249\">\n<div id=\"cc-m-13250487149\" class=\"j-module n j-downloadDocument \">\n<div class=\"descriptionContainer\" data-name=\"download-description\">\n<div class=\"cc-m-download-file\">\n<p class=\"cc-m-download-file-info\">Unsere Sch\u00fclerinnen und Sch\u00fcler werden in diesem Schuljahr von den folgenden Personen unterst\u00fctzt:<\/p>\n<p class=\"cc-m-download-file-info\"><strong>1. Sch\u00fclersprecher:<\/strong>&nbsp;Alkan Adli, 10b<br \/>\n<strong>2. Sch\u00fclersprecherin:<\/strong> Sude Akkaymak, 10c<br \/>\n<strong>3. Sch\u00fclersprecher: <\/strong>Atakan Adli, 10a<\/p>\n<p><strong>Verbindungslehrer<\/strong>:<\/p>\n<ul>\n<li>Johannes Miekisch<br \/>\nSprechzeit: Dienstags in der Pause; Raum 219<\/li>\n<li>Christian F\u00fcrch&nbsp;<\/li>\n<\/ul>\n<p>&nbsp;<\/p>\n<p>&nbsp;<\/p>\n<p>&nbsp;<\/p>\n<p>&nbsp;<\/p>\n<p>&nbsp;<\/p>\n<\/div>\n<\/div>\n<\/div>\n<\/div>\n<\/div>\n<\/div>\n","protected":false},"excerpt":{"rendered":"<p>Unsere Sch\u00fclerinnen und Sch\u00fcler werden in diesem Schuljahr von den folgenden Personen unterst\u00fctzt: 1. Sch\u00fclersprecher:&nbsp;Alkan Adli, 10b 2. Sch\u00fclersprecherin: Sude Akkaymak, 10c 3. Sch\u00fclersprecher: Atakan Adli, 10a Verbindungslehrer: Johannes Miekisch [&hellip;]<\/p>\n","protected":false},"author":1,"featured_media":0,"parent":365,"menu_order":0,"comment_status":"closed","ping_status":"closed","template":"","meta":{"ngg_post_thumbnail":0,"footnotes":""},"class_list":["post-126","page","type-page","status-publish","hentry"],"_links":{"self":[{"href":"https:\/\/www.gsr-bamberg.de\/wordpress\/wp-json\/wp\/v2\/pages\/126","targetHints":{"allow":["GET"]}}],"collection":[{"href":"https:\/\/www.gsr-bamberg.de\/wordpress\/wp-json\/wp\/v2\/pages"}],"about":[{"href":"https:\/\/www.gsr-bamberg.de\/wordpress\/wp-json\/wp\/v2\/types\/page"}],"author":[{"embeddable":true,"href":"https:\/\/www.gsr-bamberg.de\/wordpress\/wp-json\/wp\/v2\/users\/1"}],"replies":[{"embeddable":true,"href":"https:\/\/www.gsr-bamberg.de\/wordpress\/wp-json\/wp\/v2\/comments?post=126"}],"version-history":[{"count":12,"href":"https:\/\/www.gsr-bamberg.de\/wordpress\/wp-json\/wp\/v2\/pages\/126\/revisions"}],"predecessor-version":[{"id":3059,"href":"https:\/\/www.gsr-bamberg.de\/wordpress\/wp-json\/wp\/v2\/pages\/126\/revisions\/3059"}],"up":[{"embeddable":true,"href":"https:\/\/www.gsr-bamberg.de\/wordpress\/wp-json\/wp\/v2\/pages\/365"}],"wp:attachment":[{"href":"https:\/\/www.gsr-bamberg.de\/wordpress\/wp-json\/wp\/v2\/media?parent=126"}],"curies":[{"name":"wp","href":"https:\/\/api.w.org\/{rel}","templated":true}]}}