{"id":1329,"date":"2023-10-13T09:11:36","date_gmt":"2023-10-13T07:11:36","guid":{"rendered":"http:\/\/www.s665648207.online.de\/wordpress\/?page_id=1329"},"modified":"2025-11-26T11:33:38","modified_gmt":"2025-11-26T10:33:38","slug":"probeunterricht","status":"publish","type":"page","link":"https:\/\/www.gsr-bamberg.de\/wordpress\/service\/probeunterricht\/","title":{"rendered":"Probeunterricht"},"content":{"rendered":"<h2>Termin<\/h2>\n<p>Der Probeunterricht findet am 19., 20., 21. Mai 2026 statt.<\/p>\n<h2>Teilnehmende<\/h2>\n<p>Teilnehmen m\u00fcssen Sch\u00fclerinnen und Sch\u00fcler der 4. Klasse Grundschule, die sich an unserer Schule angemeldet haben und die aus den F\u00e4chern Deutsch, Mathematik und HSU einen Notendurchschnitt von 3,0 oder schlechter haben.<\/p>\n<h2>Ablauf<\/h2>\n<p>Die Teilnehmenden finden sich am ersten Tag um 07:50 Uhr in der Pausenhalle ein. Dort erfahren sie, welcher Gruppe und welchem Raum sie zugeteilt sind.<br \/>\nDer Probeunterricht dauert t\u00e4glich von 08:00 Uhr bis ca. 11:30 Uhr. Gepr\u00fcft wird in den F\u00e4chern Deutsch und Mathematik sowohl m\u00fcndlich als auch schriftlich. Ben\u00f6tigt werden Schreibmaterialien (Block und Stifte) und auch an ausreichende Verpflegung sollte gedacht werden.<\/p>\n<h2>Bestehen\/Nichtbestehen<\/h2>\n<ul>\n<li>Das Kind hat am Probeunterricht erfolgreich teilgenommen, wenn es in einem Pr\u00fcfungsfach mindestens die Note 3 und im anderen Fach mindestens die Note 4 erreicht hat.<\/li>\n<li>Wird in beiden F\u00e4chern jeweils die Note 4 erreicht, gilt der Probeunterricht zwar als nicht bestanden \u2013 der \u00dcbertritt an die Realschule ist jedoch nach \u00a7 2 Abs. 4 der Realschulordnung (RSO) auf Antrag der Erziehungsberechtigten m\u00f6glich. Diese kommen zu einem Beratungsgespr\u00e4ch und treffen dann die Entscheidung.<\/li>\n<li>Erreicht das Kind in einem der Pr\u00fcfungsf\u00e4cher oder in beiden lediglich die Note 5 oder 6, so ist der Probeunterricht nicht bestanden und es ist momentan kein \u00dcbertritt an die Realschule m\u00f6glich.<\/li>\n<\/ul>\n","protected":false},"excerpt":{"rendered":"<p>Termin Der Probeunterricht findet am 19., 20., 21. Mai 2026 statt. Teilnehmende Teilnehmen m\u00fcssen Sch\u00fclerinnen und Sch\u00fcler der 4. Klasse Grundschule, die sich an unserer Schule angemeldet haben und die [&hellip;]<\/p>\n","protected":false},"author":2,"featured_media":0,"parent":26,"menu_order":0,"comment_status":"closed","ping_status":"closed","template":"","meta":{"ngg_post_thumbnail":0,"footnotes":""},"class_list":["post-1329","page","type-page","status-publish","hentry"],"_links":{"self":[{"href":"https:\/\/www.gsr-bamberg.de\/wordpress\/wp-json\/wp\/v2\/pages\/1329","targetHints":{"allow":["GET"]}}],"collection":[{"href":"https:\/\/www.gsr-bamberg.de\/wordpress\/wp-json\/wp\/v2\/pages"}],"about":[{"href":"https:\/\/www.gsr-bamberg.de\/wordpress\/wp-json\/wp\/v2\/types\/page"}],"author":[{"embeddable":true,"href":"https:\/\/www.gsr-bamberg.de\/wordpress\/wp-json\/wp\/v2\/users\/2"}],"replies":[{"embeddable":true,"href":"https:\/\/www.gsr-bamberg.de\/wordpress\/wp-json\/wp\/v2\/comments?post=1329"}],"version-history":[{"count":3,"href":"https:\/\/www.gsr-bamberg.de\/wordpress\/wp-json\/wp\/v2\/pages\/1329\/revisions"}],"predecessor-version":[{"id":3048,"href":"https:\/\/www.gsr-bamberg.de\/wordpress\/wp-json\/wp\/v2\/pages\/1329\/revisions\/3048"}],"up":[{"embeddable":true,"href":"https:\/\/www.gsr-bamberg.de\/wordpress\/wp-json\/wp\/v2\/pages\/26"}],"wp:attachment":[{"href":"https:\/\/www.gsr-bamberg.de\/wordpress\/wp-json\/wp\/v2\/media?parent=1329"}],"curies":[{"name":"wp","href":"https:\/\/api.w.org\/{rel}","templated":true}]}}