{"id":1901,"date":"2024-04-14T23:49:22","date_gmt":"2024-04-14T21:49:22","guid":{"rendered":"https:\/\/www.gsr-bamberg.de\/wordpress\/?page_id=1901"},"modified":"2026-04-12T17:37:35","modified_gmt":"2026-04-12T15:37:35","slug":"anmeldung-fuer-die-5-klasse","status":"publish","type":"page","link":"https:\/\/www.gsr-bamberg.de\/wordpress\/service\/anmeldung\/anmeldung-fuer-die-5-klasse\/","title":{"rendered":"Anmeldung f\u00fcr die 5. Klasse"},"content":{"rendered":"<div>\n<h2>Liebe Eltern,<\/h2>\n<p>die Anmeldung Ihrer T\u00f6chter und S\u00f6hne an der Graf-Stauffenberg-Realschule ist im Zeitraum <strong>vom 11. bis 13. Mai und am 15. Mai 2026<\/strong> m\u00f6glich.<\/p>\n<h3>Bedingungen f\u00fcr den \u00dcbertritt:<\/h3>\n<p>Aufgenommen werden Sch\u00fclerinnen und Sch\u00fcler der <strong>4. Jahrgangsstufe der Grundschule<\/strong>, die im \u00dcbertrittszeugnis einen Notendurchschnitt von h\u00f6chstens 2,66 und den Vermerk \u201egeeignet f\u00fcr den Besuch einer Realschule\u201c haben.<\/p>\n<p>Sch\u00fcler, die den Notendurchschnitt nicht erreicht haben k\u00f6nnen sich im gleichen Zeitraum f\u00fcr den Probeunterricht anmelden. Dieser findet von Di, 19. Mai 2026 bis Do, 21. Mai 2026 statt. Bei erfolgreichem Abschluss des Probeunterrichts erfolgt eine automatische Aufnahme in die Realschule.<\/p>\n<p>Sch\u00fclerinnen und Sch\u00fcler der <strong>5. Jahrgangsstufe der Mittelschule<\/strong> k\u00f6nnen f\u00fcr das Schuljahr 2026\/27 <strong>vorangemeldet<\/strong> werden. Ihre endg\u00fcltige Anmeldung erfolgt am Fr, 01. Aug. 2026 ab 8:00 Uhr durch Vorlage des Jahreszeugnisses der Mittelschule.<\/p>\n<p>F\u00fcr die Anmeldung rufen Sie bitte zuerst unsere <strong><a href=\"https:\/\/gsrsbam.eltern-portal.org\/anmeldung\/start\" target=\"_blank\" rel=\"noopener\">Online-Anmeldung<\/a> <\/strong>auf, f\u00fcllen Sie diese aus und versenden Sie Ihre Angaben.<\/p>\n<p>Drucken Sie danach das Anmeldeformular aus und unterschreiben Sie dieses.<\/p>\n<p>Falls n\u00f6tig, drucken Sie bitte auch den <strong><a class=\"csslink_extern\" title=\"Externer Link\" href=\"https:\/\/www.schulantrag.de\/anmeldung\/swonline\/ssl\/antrag-start-01.asp?sch=426&amp;AntrSchKein=1\" target=\"_blank\" rel=\"noopener\">Bef\u00f6rderungsantrag f\u00fcr die Kostenfreiheit des Schulwegs<\/a><\/strong> aus (nur f\u00fcr Kinder aus dem Landkreis) und bringen Sie diesen zur Anmeldung mit.<\/p>\n<p>Zuletzt \u00fcbermitteln Sie uns bitte die erforderlichen Anmeldeunterlagen <strong>fristgerecht<\/strong> auf dem Postweg, per E-Mail <a href=\"mailto:anmeldung@gsr-bamberg.de\">(anmeldung@gsr-bamberg.de<\/a>) oder auch pers\u00f6nlich.<\/p>\n<p>Zeugnisse sind unbedingt im Original vorzulegen (\u00dcbertrittszeugnis oder ggf. Jahreszeugnis der 5. Klasse MS)<\/p>\n<p>Die \u00fcbrigen Unterlagen k\u00f6nnen auch in (ggf. digitaler) Kopie eingereicht werden.<\/p>\n<div class=\"accordion acc_plus\">\n<h2 id=\"eg_f\u00fcr_die_anmeldung_zwingend_erforderlich\" class=\"accordion-title active\"><strong>Zwingend erforderlich<\/strong><\/h2>\n<ul>\n<li>Anmeldeformular<\/li>\n<li>Jahreszeugnis im Original<\/li>\n<li>Geburtsurkunde oder Familienstammbuch<\/li>\n<li>Formular Einwilligung Elternportal + Sch\u00fclerportal<\/li>\n<li>Formular Datenschutzerkl\u00e4rung<\/li>\n<li>Formular Bef\u00f6rderungsantrag Stadt Bamberg (\u00fcber 3 km) oder Bef\u00f6rderungsantrag Landkreis Bamberg<\/li>\n<li>Formular Masernschutz und Impfpass<\/li>\n<\/ul>\n<\/div>\n<\/div>\n<h2 id=\"eg_anmeldung_weitere_unterlagen_falls_zutreffend\" class=\"accordion-title active\"><strong>Nur falls zutreffend<\/strong><\/h2>\n<ul>\n<li style=\"text-align: left;\">Sorgerechtsbeschluss<\/li>\n<li style=\"text-align: left;\">Nachweis Lese-\/Rechtschreibst\u00f6rung<\/li>\n<li style=\"text-align: left;\">Formular OGTS Anmeldung+Mittagessen+Schweigepflichtsentbindung<\/li>\n<\/ul>\n<p>Sollten Sie Unterst\u00fctzung bei der Online-Anmeldung ben\u00f6tigen oder eine pers\u00f6nliche Beratung w\u00fcnschen, wenden Sie sich bitte an das Sekretariat (<a href=\"mailto:verwaltung@gsr-bamberg.de\">verwaltung@gsr-bamberg.de<\/a>).<\/p>\n<p>Wir freuen uns auf eine gute Zusammenarbeit.<\/p>\n<p><strong>Ihr Team von der Graf-Stauffenberg-Realschule Bamberg<br \/>\n<\/strong><\/p>\n<p>&nbsp;<\/p>\n<hr>\n<h1><a href=\"https:\/\/gsrsbam.eltern-portal.org\/anmeldung\/start\" target=\"_blank\" rel=\"noopener\"><strong>ONLINE-ANMELDUNG<\/strong><\/a><\/h1>\n<hr>\n<p>&nbsp;<\/p>\n","protected":false},"excerpt":{"rendered":"<p>Liebe Eltern, die Anmeldung Ihrer T\u00f6chter und S\u00f6hne an der Graf-Stauffenberg-Realschule ist im Zeitraum vom 11. bis 13. Mai und am 15. Mai 2026 m\u00f6glich. Bedingungen f\u00fcr den \u00dcbertritt: Aufgenommen [&hellip;]<\/p>\n","protected":false},"author":1,"featured_media":0,"parent":1908,"menu_order":0,"comment_status":"closed","ping_status":"closed","template":"","meta":{"ngg_post_thumbnail":0,"footnotes":""},"class_list":["post-1901","page","type-page","status-publish","hentry"],"_links":{"self":[{"href":"https:\/\/www.gsr-bamberg.de\/wordpress\/wp-json\/wp\/v2\/pages\/1901","targetHints":{"allow":["GET"]}}],"collection":[{"href":"https:\/\/www.gsr-bamberg.de\/wordpress\/wp-json\/wp\/v2\/pages"}],"about":[{"href":"https:\/\/www.gsr-bamberg.de\/wordpress\/wp-json\/wp\/v2\/types\/page"}],"author":[{"embeddable":true,"href":"https:\/\/www.gsr-bamberg.de\/wordpress\/wp-json\/wp\/v2\/users\/1"}],"replies":[{"embeddable":true,"href":"https:\/\/www.gsr-bamberg.de\/wordpress\/wp-json\/wp\/v2\/comments?post=1901"}],"version-history":[{"count":36,"href":"https:\/\/www.gsr-bamberg.de\/wordpress\/wp-json\/wp\/v2\/pages\/1901\/revisions"}],"predecessor-version":[{"id":3275,"href":"https:\/\/www.gsr-bamberg.de\/wordpress\/wp-json\/wp\/v2\/pages\/1901\/revisions\/3275"}],"up":[{"embeddable":true,"href":"https:\/\/www.gsr-bamberg.de\/wordpress\/wp-json\/wp\/v2\/pages\/1908"}],"wp:attachment":[{"href":"https:\/\/www.gsr-bamberg.de\/wordpress\/wp-json\/wp\/v2\/media?parent=1901"}],"curies":[{"name":"wp","href":"https:\/\/api.w.org\/{rel}","templated":true}]}}