{"id":1908,"date":"2024-04-15T17:18:42","date_gmt":"2024-04-15T15:18:42","guid":{"rendered":"https:\/\/www.gsr-bamberg.de\/wordpress\/?page_id=1908"},"modified":"2024-04-15T17:28:08","modified_gmt":"2024-04-15T15:28:08","slug":"anmeldung","status":"publish","type":"page","link":"https:\/\/www.gsr-bamberg.de\/wordpress\/service\/anmeldung\/","title":{"rendered":"Anmeldung"},"content":{"rendered":"<ul>\n<li><a href=\"https:\/\/www.gsr-bamberg.de\/wordpress\/service\/anmeldung-und-probeunterricht\/\">Anmeldung f\u00fcr h\u00f6here Jahrgangsstufen<\/a><\/li>\n<li><a href=\"https:\/\/www.gsr-bamberg.de\/wordpress\/service\/anmeldung-fuer-die-5-klasse\/\">Anmeldung f\u00fcr die 5. Klasse<\/a><\/li>\n<\/ul>\n","protected":false},"excerpt":{"rendered":"<p>Anmeldung f\u00fcr h\u00f6here Jahrgangsstufen Anmeldung f\u00fcr die 5. Klasse<\/p>\n","protected":false},"author":1,"featured_media":0,"parent":26,"menu_order":0,"comment_status":"closed","ping_status":"closed","template":"","meta":{"ngg_post_thumbnail":0,"footnotes":""},"class_list":["post-1908","page","type-page","status-publish","hentry"],"_links":{"self":[{"href":"https:\/\/www.gsr-bamberg.de\/wordpress\/wp-json\/wp\/v2\/pages\/1908","targetHints":{"allow":["GET"]}}],"collection":[{"href":"https:\/\/www.gsr-bamberg.de\/wordpress\/wp-json\/wp\/v2\/pages"}],"about":[{"href":"https:\/\/www.gsr-bamberg.de\/wordpress\/wp-json\/wp\/v2\/types\/page"}],"author":[{"embeddable":true,"href":"https:\/\/www.gsr-bamberg.de\/wordpress\/wp-json\/wp\/v2\/users\/1"}],"replies":[{"embeddable":true,"href":"https:\/\/www.gsr-bamberg.de\/wordpress\/wp-json\/wp\/v2\/comments?post=1908"}],"version-history":[{"count":4,"href":"https:\/\/www.gsr-bamberg.de\/wordpress\/wp-json\/wp\/v2\/pages\/1908\/revisions"}],"predecessor-version":[{"id":1916,"href":"https:\/\/www.gsr-bamberg.de\/wordpress\/wp-json\/wp\/v2\/pages\/1908\/revisions\/1916"}],"up":[{"embeddable":true,"href":"https:\/\/www.gsr-bamberg.de\/wordpress\/wp-json\/wp\/v2\/pages\/26"}],"wp:attachment":[{"href":"https:\/\/www.gsr-bamberg.de\/wordpress\/wp-json\/wp\/v2\/media?parent=1908"}],"curies":[{"name":"wp","href":"https:\/\/api.w.org\/{rel}","templated":true}]}}