{"id":1948,"date":"2024-04-18T20:10:16","date_gmt":"2024-04-18T18:10:16","guid":{"rendered":"https:\/\/www.gsr-bamberg.de\/wordpress\/?page_id=1948"},"modified":"2025-05-19T22:51:23","modified_gmt":"2025-05-19T20:51:23","slug":"foerderverein-freunde-der-gsr","status":"publish","type":"page","link":"https:\/\/www.gsr-bamberg.de\/wordpress\/schulfamilie\/foerderverein-freunde-der-gsr\/","title":{"rendered":"F\u00f6rderverein Freunde der GSR"},"content":{"rendered":"<p>Auf dieser Seite werden Sie in k\u00fcrze Informationen zum F\u00f6rderverein<\/p>\n<p>Freunde der Graf-Stauffenberg-Realschule Bamberg finden.<\/p>\n<p>Werden Sie Mitglied im F\u00f6rderverein!<\/p>\n<p><img loading=\"lazy\" decoding=\"async\" class=\"alignnone size-full wp-image-2822\" src=\"https:\/\/www.gsr-bamberg.de\/wordpress\/wp-content\/uploads\/2025\/05\/pdf.png\" alt=\"\" width=\"48\" height=\"48\"> <a href=\"https:\/\/www.gsr-bamberg.de\/wordpress\/wp-content\/uploads\/2025\/05\/Beitrittserklaerung-Freunde.pdf\" target=\"_blank\" rel=\"noopener\">Beitrittserkl\u00e4rung<\/a><\/p>\n<p>Sie erreichen den F\u00f6rderverein unter folgender E-Mailadresse: <a href=\"mailto:foerderverein@gsr-bamberg.de\">foerderverein@gsr-bamberg.de<\/a><\/p>\n<p>Wir bitten um etwas Geduld.<\/p>\n","protected":false},"excerpt":{"rendered":"<p>Auf dieser Seite werden Sie in k\u00fcrze Informationen zum F\u00f6rderverein Freunde der Graf-Stauffenberg-Realschule Bamberg finden. Werden Sie Mitglied im F\u00f6rderverein! Beitrittserkl\u00e4rung Sie erreichen den F\u00f6rderverein unter folgender E-Mailadresse: foerderverein@gsr-bamberg.de Wir [&hellip;]<\/p>\n","protected":false},"author":1,"featured_media":0,"parent":365,"menu_order":0,"comment_status":"closed","ping_status":"closed","template":"","meta":{"ngg_post_thumbnail":0,"footnotes":""},"class_list":["post-1948","page","type-page","status-publish","hentry"],"_links":{"self":[{"href":"https:\/\/www.gsr-bamberg.de\/wordpress\/wp-json\/wp\/v2\/pages\/1948","targetHints":{"allow":["GET"]}}],"collection":[{"href":"https:\/\/www.gsr-bamberg.de\/wordpress\/wp-json\/wp\/v2\/pages"}],"about":[{"href":"https:\/\/www.gsr-bamberg.de\/wordpress\/wp-json\/wp\/v2\/types\/page"}],"author":[{"embeddable":true,"href":"https:\/\/www.gsr-bamberg.de\/wordpress\/wp-json\/wp\/v2\/users\/1"}],"replies":[{"embeddable":true,"href":"https:\/\/www.gsr-bamberg.de\/wordpress\/wp-json\/wp\/v2\/comments?post=1948"}],"version-history":[{"count":8,"href":"https:\/\/www.gsr-bamberg.de\/wordpress\/wp-json\/wp\/v2\/pages\/1948\/revisions"}],"predecessor-version":[{"id":2824,"href":"https:\/\/www.gsr-bamberg.de\/wordpress\/wp-json\/wp\/v2\/pages\/1948\/revisions\/2824"}],"up":[{"embeddable":true,"href":"https:\/\/www.gsr-bamberg.de\/wordpress\/wp-json\/wp\/v2\/pages\/365"}],"wp:attachment":[{"href":"https:\/\/www.gsr-bamberg.de\/wordpress\/wp-json\/wp\/v2\/media?parent=1948"}],"curies":[{"name":"wp","href":"https:\/\/api.w.org\/{rel}","templated":true}]}}