{"id":246,"date":"2023-07-19T14:40:28","date_gmt":"2023-07-19T12:40:28","guid":{"rendered":"http:\/\/www.s665648207.online.de\/wordpress\/?page_id=246"},"modified":"2023-10-13T09:58:49","modified_gmt":"2023-10-13T07:58:49","slug":"elternportal","status":"publish","type":"page","link":"https:\/\/www.gsr-bamberg.de\/wordpress\/service\/downloads-dokumente-und-formulare\/elternportal\/","title":{"rendered":"Elternportal"},"content":{"rendered":"<p>Ein guter Kontakt zwischen Schule und Elternhaus ist uns an der Graf-Stauffenberg-Realschule ein wichtiges Anliegen. Nat\u00fcrlich ist hier die pers\u00f6nliche Begegnung in vielen Situationen das Mittel der Wahl. Sowohl die Schulleitung als auch alle Lehrkr\u00e4fte suchen gerne den pers\u00f6nlichen Austausch mit Ihnen, um f\u00fcr Ihre Kinder das Beste zu erreichen. Aber vielfach m\u00fcssen auch Informationen ausgetauscht werden, die sehr gut und viel einfacher digital \u00fcbermittelt werden k\u00f6nnen. Wir sind deshalb sehr froh, mit dem Elternportal eine Kommunikationsm\u00f6glichkeit zwischen Eltern und Schule anbieten zu k\u00f6nnen, die einen zeitgem\u00e4\u00dfen Austausch von Informationen erm\u00f6glicht, der zudem ressourcensparend im Sinne von Umweltschutz und Nachhaltigkeit funktioniert.<\/p>\n<p>Im Folgenden erhalten Sie Hinweise zur Nutzung und zu den verschiedenen Funktionen des Portals:<\/p>\n<h3>Anmeldung im Portal<\/h3>\n<p>Alle Eltern, von denen eine Einwilligungserkl\u00e4rung vorliegt, bekommen zu Beginn des neuen Schuljahres die erforderlichen Login-Daten per Brief \u00fcbermittelt. Sie sollten sich dann schnellstm\u00f6glich anmelden, damit der Informationsaustausch funktionieren kann. Eine Anleitung zum Anlegen des Zugangs ist dem Brief beigef\u00fcgt.<br \/>\nBitte achten Sie darauf, dass Unbefugte (z.B. ihre Kinder) die Zugangsdaten (Passwort!) nicht erfahren. Das liegt in Ihrer Verantwortung. \u00c4ndern Sie im Verdachtsfall das Passwort und pr\u00fcfen Sie auch immer mal wieder die eingetragenen Krankmeldungen Ihres Kindes, um festzustellen, ob Unbefugte Eintr\u00e4ge vorgenommen haben.<\/p>\n<h3>Elternbriefe \/ Informationsschreiben der Schule<\/h3>\n<p>Elternbriefe und sonstige Informationen erhalten Sie ressourcensparend und schnell \u00fcber das Elternportal. Sobald Sie ein im Portal \u00fcbermitteltes Schreiben \u00f6ffnen, best\u00e4tigen Sie damit der Schule, dass Sie vom Inhalt Kenntnis genommen haben. Es ist also nicht mehr erforderlich, Kenntnisnahmen in Papierform zu unterschreiben und abzugeben.<\/p>\n<h3>Krankmeldungen<\/h3>\n<p>Melden Sie Ihr Kind bitte nicht mehr telefonisch, sondern m\u00f6glichst immer \u00fcber das Elternportal krank, ein Anruf oder eine schriftliche Entschuldigung sind dann nicht mehr erforderlich. Allerdings ist zu beachten, dass der Eintrag ins Elternportal bis sp\u00e4testens 08:00 Uhr des Krankheitstages erfolgt sein muss. Gegebenenfalls erforderliche \u00e4rztliche Bescheinigungen sind weiterhin in Papierform im Sekretariat vorzulegen.<\/p>\n<h3>Befreiungen<\/h3>\n<p>Beantragen Sie bitte auch Befreiungen vom Unterricht immer \u00fcber das Elternportal. Ein schriftlicher Befreiungsantrag ist dann nicht mehr erforderlich. Es ist aber zu beachten, dass ein Befreiungsantrag sp\u00e4testens zwei Tage vor dem Tag der Befreiung im Portal eingehen muss. Sp\u00e4ter nimmt das Portal den Antrag nicht mehr an, denn die Schulleitung ben\u00f6tigt Zeit, um einen Befreiungsantrag zu pr\u00fcfen und zu genehmigen. Sie werden \u00fcber die Genehmigung oder die Ablehnung ebenfalls \u00fcber das Portal informiert.<br \/>\nSollten Sie die Frist von zwei Tagen einmal vers\u00e4umen, weichen Sie bitte auf keinen Fall auf die Krankmeldefunktion aus, denn von hier aus ist eine Antwort hinsichtlich der Genehmigung nicht m\u00f6glich. Ein solcher Antrag ist dann ungenehmigt. Damit w\u00fcrde Ihr Kind unentschuldigt fehlen.<br \/>\nWenn Sie in Ausnahmef\u00e4llen erst am Vortag die Befreiung beantragen k\u00f6nnen, muss auf das alte Verfahren zur\u00fcckgegriffen werden: Der Antrag muss dann in Papierform eingereicht werden.<br \/>\nIn jedem Fall m\u00fcssen Belege f\u00fcr den Anlass der Befreiung eingereicht werden (Best\u00e4tigung eines Arztbesuches, Einladung zu einem Bewerbungsgespr\u00e4ch, Best\u00e4tigung der Teilnahme an einem Bewerbungsgespr\u00e4ch \u2026)<br \/>\nBeachten Sie bitte auch, dass Befreiungen in der Regel aus folgenden Anl\u00e4ssen genehmigt werden:<\/p>\n<ul>\n<li>Arztbesuche, die nicht au\u00dferhalb der Schulzeit stattfinden k\u00f6nnen<\/li>\n<li>Bewerbungsgespr\u00e4che<\/li>\n<li>Beratungsgespr\u00e4che bei der Agentur f\u00fcr Arbeit<\/li>\n<li>bestimmte famili\u00e4re Anl\u00e4sse<\/li>\n<\/ul>\n<p>Sicher nicht genehmigt werden Befreiungen f\u00fcr F\u00fchrerscheinpr\u00fcfungen oder f\u00fcr Urlaubreisen vor Ferienbeginn oder \u00fcber das Ferienende hinaus.<\/p>\n<h3>Stunden- und Vertretungspl\u00e4ne<\/h3>\n<p>Es sind f\u00fcr Sie sowohl die Stundenpl\u00e4ne Ihres Kindes einsehbar als auch die Vertretungspl\u00e4ne.<\/p>\n<h3>Kommunikation mit den Lehrkr\u00e4ften<\/h3>\n<p>\u00dcber das Portal k\u00f6nnen Sie Nachrichten an die Lehrkr\u00e4fte Ihres Kindes verschicken und Lehrkr\u00e4fte k\u00f6nnen mit Ihnen in Kontakt treten.<\/p>\n<h3>Anmeldung zu den Sprechstunden der Lehrkr\u00e4fte und zu Elternsprechtagen<\/h3>\n<p>Diese Anmeldungen erfolgen ebenfalls \u00fcber das Portal.<\/p>\n<h3>Anmeldung zu Erg\u00e4nzungs-, F\u00f6rder- und Wahlunterrichten<\/h3>\n<p>Sie werden zu Beginn des Schuljahres \u00fcber die angebotenen Unterrichte informiert und aufgefordert, die Anmeldungen im Elternportal vorzunehmen. Nat\u00fcrlich erhalten Sie auch eine Anleitung. Sollten Sie irgendwie nicht zurechtkommen, melden Sie sich bitte telefonisch (0951 9146200) oder per Mail (<span style=\"color: #0000ff;\"><u><a href=\"mailto:elternportal@gsr-bamberg.de\">elternportal@gsr-bamberg.de<\/a><\/u><\/span>). Die Betreuer des Portals, Herr Dennerlein und Herr Ro\u00dfmeier, helfen Ihnen gerne weiter.<\/p>\n<div id=\"cc-m-13015081349\" class=\"j-module n j-hgrid \">\n<div class=\"cc-m-hgrid-column\">\n<div id=\"cc-matrix-3647843149\">\n<div id=\"cc-m-13015081449\" class=\"j-module n j-downloadDocument \">\n<div class=\"descriptionContainer\" data-name=\"download-description\">\n<div class=\"cc-m-download-file\">\n<div class=\"cc-m-download-file-link\">&nbsp;<\/div>\n<\/div>\n<\/div>\n<\/div>\n<\/div>\n<\/div>\n<\/div>\n","protected":false},"excerpt":{"rendered":"<p>Ein guter Kontakt zwischen Schule und Elternhaus ist uns an der Graf-Stauffenberg-Realschule ein wichtiges Anliegen. Nat\u00fcrlich ist hier die pers\u00f6nliche Begegnung in vielen Situationen das Mittel der Wahl. Sowohl die [&hellip;]<\/p>\n","protected":false},"author":1,"featured_media":0,"parent":504,"menu_order":0,"comment_status":"closed","ping_status":"closed","template":"","meta":{"ngg_post_thumbnail":0,"footnotes":""},"class_list":["post-246","page","type-page","status-publish","hentry"],"_links":{"self":[{"href":"https:\/\/www.gsr-bamberg.de\/wordpress\/wp-json\/wp\/v2\/pages\/246","targetHints":{"allow":["GET"]}}],"collection":[{"href":"https:\/\/www.gsr-bamberg.de\/wordpress\/wp-json\/wp\/v2\/pages"}],"about":[{"href":"https:\/\/www.gsr-bamberg.de\/wordpress\/wp-json\/wp\/v2\/types\/page"}],"author":[{"embeddable":true,"href":"https:\/\/www.gsr-bamberg.de\/wordpress\/wp-json\/wp\/v2\/users\/1"}],"replies":[{"embeddable":true,"href":"https:\/\/www.gsr-bamberg.de\/wordpress\/wp-json\/wp\/v2\/comments?post=246"}],"version-history":[{"count":6,"href":"https:\/\/www.gsr-bamberg.de\/wordpress\/wp-json\/wp\/v2\/pages\/246\/revisions"}],"predecessor-version":[{"id":1343,"href":"https:\/\/www.gsr-bamberg.de\/wordpress\/wp-json\/wp\/v2\/pages\/246\/revisions\/1343"}],"up":[{"embeddable":true,"href":"https:\/\/www.gsr-bamberg.de\/wordpress\/wp-json\/wp\/v2\/pages\/504"}],"wp:attachment":[{"href":"https:\/\/www.gsr-bamberg.de\/wordpress\/wp-json\/wp\/v2\/media?parent=246"}],"curies":[{"name":"wp","href":"https:\/\/api.w.org\/{rel}","templated":true}]}}