{"id":2467,"date":"2024-11-11T22:51:31","date_gmt":"2024-11-11T21:51:31","guid":{"rendered":"https:\/\/www.gsr-bamberg.de\/wordpress\/?page_id=2467"},"modified":"2026-04-15T09:46:04","modified_gmt":"2026-04-15T07:46:04","slug":"jugendsozialarbeit-jas","status":"publish","type":"page","link":"https:\/\/www.gsr-bamberg.de\/wordpress\/schulfamilie\/jugendsozialarbeit-jas\/","title":{"rendered":"Jugendsozialarbeit (JaS)"},"content":{"rendered":"<h3>Jugendsozialarbeit (JaS) an der Graf-Stauffenberg-Realschule Bamberg<\/h3>\n<div class=\"gca-column two-thirds first\">Jugendsozialarbeit an Schulen (JaS) ist ein individuelles Beratungsangebot f\u00fcr Sch\u00fcler*innen, Eltern und Erziehungsberechtigte. Das eigenst\u00e4ndige Angebot kann freiwillig in Anspruch genommen werden, ist kostenlos und unterliegt der Schweigepflicht! Die Idee von JaS ist es, schnell und unkompliziert an der Schule vor Ort sozialp\u00e4dagogische Unterst\u00fctzung bei schulischen, privaten und famili\u00e4ren Themen anzubieten:&nbsp;<\/div>\n<div class=\"gca-column one-third\"><p><img loading=\"lazy\" decoding=\"async\" class=\"alignnone size-medium wp-image-2491\" src=\"https:\/\/www.gsr-bamberg.de\/wordpress\/wp-content\/uploads\/2024\/11\/Logo_JaS-300x223.png\" alt=\"\" width=\"300\" height=\"223\" srcset=\"https:\/\/www.gsr-bamberg.de\/wordpress\/wp-content\/uploads\/2024\/11\/Logo_JaS-300x223.png 300w, https:\/\/www.gsr-bamberg.de\/wordpress\/wp-content\/uploads\/2024\/11\/Logo_JaS.png 417w\" sizes=\"auto, (max-width: 300px) 100vw, 300px\" \/><\/p><\/div>\n<h3>F\u00fcr Sch\u00fcler*innen:<\/h3>\n<ul>\n<li>Beratung und Unterst\u00fctzung bei pers\u00f6nlichen Sorgen und Problemen, wie z.B.<br \/>\nLernschwierigkeiten, Konflikten mit Mitsch\u00fcler*innen, Mobbing, famili\u00e4re Probleme, Fragen<br \/>\nzu Sexualit\u00e4t und Schwangerschaft, Beziehungsprobleme, Fragen zu<br \/>\nDrogen\/Suchtverhalten\/Essst\u00f6rungen, Schwierigkeiten in der Schule oder im<br \/>\nPraktikumsbetrieb, Unsicherheiten beim Schulwechsel oder der Berufswahl, Unterst\u00fctzung<br \/>\nbeim Erarbeiten eines positiven Selbstbildes und noch vieles mehr<\/li>\n<li>ein offenes Ohr zum Reden und Zuh\u00f6ren<\/li>\n<li>bei Bedarf: Projekte und Gruppenarbeiten zu deinen Beratungsthemen z.B. Gewalt, soziale<br \/>\nMedien, Mobbing, Sucht<\/li>\n<\/ul>\n<h3>F\u00fcr Eltern und Erziehungsberechtigte:<\/h3>\n<ul>\n<li>Beratung bei pers\u00f6nlichen Anliegen oder Schwierigkeiten<\/li>\n<li>Unterst\u00fctzung bei Erziehungsfragen und in der Erziehungsarbeit<\/li>\n<li>Ansprechperson, wenn Sie:\n<ul>\n<li>beobachten, dass Ihr Kind von Ausgrenzung, Mobbing, Schul\u00e4ngsten oder anderen Problemen betroffen ist<\/li>\n<li>das Gef\u00fchl haben, dass sich Ihr Kind immer mehr von Ihnen entfernt oder famili\u00e4re Konflikte zunehmend belastend werden<\/li>\n<li>f\u00fcr Ihr Kind Unterst\u00fctzung beim Schulwechsel oder in einen Beruf m\u00f6chten<\/li>\n<\/ul>\n<\/li>\n<li>Vermittlung und Unterst\u00fctzung zu anderen Hilfeeinrichtungen<\/li>\n<\/ul>\n<p>Wir stehen f\u00fcr vertrauensvolle Gespr\u00e4che, Fragen und Anliegen aller Art zur Verf\u00fcgung und freuen uns auf eine gute Zusammenarbeit!<br \/>\nW\u00e4hrend der Schulzeit sind wir vormittags pers\u00f6nlich, telefonisch, per E-Mail oder \u00fcber das Sch\u00fclerportal\/Elternportal der Graf-Stauffenberg-Realschule erreichbar. Termine sind auch Zuhause und bei Bedarf nachmittags m\u00f6glich.<\/p>\n<div class=\"gca-column one-half first\"><p><img loading=\"lazy\" decoding=\"async\" class=\"alignnone wp-image-3283 size-full\" src=\"https:\/\/www.gsr-bamberg.de\/wordpress\/wp-content\/uploads\/2026\/04\/Diego_2-1.jpg\" alt=\"\" width=\"352\" height=\"400\" srcset=\"https:\/\/www.gsr-bamberg.de\/wordpress\/wp-content\/uploads\/2026\/04\/Diego_2-1.jpg 352w, https:\/\/www.gsr-bamberg.de\/wordpress\/wp-content\/uploads\/2026\/04\/Diego_2-1-264x300.jpg 264w\" sizes=\"auto, (max-width: 352px) 100vw, 352px\" \/><\/p>\n<h3><strong>Diego Coloma Martinez<\/strong><\/h3>\n<h5>Staatlich anerkannter Sozialp\u00e4dagoge<br \/>\n(Bachelor of Arts)<\/h5>\n<p>&nbsp;<\/p>\n<p>0176 17026449<br \/>\ndiego.colomamartinez@iso-ev.de<br \/>\nRaum 229<\/p>\n<p><strong>Im Schuljahr 2025\/26 zust\u00e4ndig f\u00fcr<\/strong><br \/>\n<strong>alle Klassen der Jahrgangsstufen 6, 8 und 10<\/strong><\/p><\/div>\n<div class=\"gca-column one-half\"><p><img loading=\"lazy\" decoding=\"async\" class=\"alignnone wp-image-2476 size-full\" src=\"https:\/\/www.gsr-bamberg.de\/wordpress\/wp-content\/uploads\/2024\/11\/Nina-Kerker_klein.jpg\" alt=\"\" width=\"352\" height=\"400\" srcset=\"https:\/\/www.gsr-bamberg.de\/wordpress\/wp-content\/uploads\/2024\/11\/Nina-Kerker_klein.jpg 352w, https:\/\/www.gsr-bamberg.de\/wordpress\/wp-content\/uploads\/2024\/11\/Nina-Kerker_klein-264x300.jpg 264w\" sizes=\"auto, (max-width: 352px) 100vw, 352px\" \/><\/p>\n<h3>Nina Kerker<\/h3>\n<h5>Staatlich anerkannte Sozialp\u00e4dagogin (B.A.)<br \/>\nSystemische Beraterin (DGSF)<\/h5>\n<p>&nbsp;<\/p>\n<p>0176 17026408<br \/>\nnina.kerker@iso-ev.de<br \/>\nRaum E04<\/p>\n<p><strong>Im Schuljahr 2025\/26 zust\u00e4ndig <\/strong><strong>f\u00fcr<br \/>\nalle Klassen <\/strong><strong>der Jahrgangsstufen 5, 7 und 9<\/strong><\/p><\/div>\n<div>&nbsp;<\/div>\n<div><strong>Notanlaufstellen bei akuten Krisen bzw. Notf\u00e4llen entnehmen Sie gerne folgender Internetseite:<\/strong><br \/>\n<strong><a href=\"https:\/\/www.klaerwerk-bamberg.de\/startseite\" target=\"_blank\" rel=\"noopener\">&nbsp;https:\/\/www.klaerwerk-bamberg.de\/startseite<\/a><\/strong><\/div>\n<div><img loading=\"lazy\" decoding=\"async\" class=\"alignnone wp-image-3094 size-medium\" src=\"https:\/\/www.gsr-bamberg.de\/wordpress\/wp-content\/uploads\/2025\/12\/Notfallnummern-QR-Code-300x300.jpg\" alt=\"\" width=\"300\" height=\"300\" srcset=\"https:\/\/www.gsr-bamberg.de\/wordpress\/wp-content\/uploads\/2025\/12\/Notfallnummern-QR-Code-300x300.jpg 300w, https:\/\/www.gsr-bamberg.de\/wordpress\/wp-content\/uploads\/2025\/12\/Notfallnummern-QR-Code-150x150.jpg 150w, https:\/\/www.gsr-bamberg.de\/wordpress\/wp-content\/uploads\/2025\/12\/Notfallnummern-QR-Code-768x768.jpg 768w, https:\/\/www.gsr-bamberg.de\/wordpress\/wp-content\/uploads\/2025\/12\/Notfallnummern-QR-Code.jpg 992w\" sizes=\"auto, (max-width: 300px) 100vw, 300px\" \/><\/div>\n<div class=\"gca-column two-thirds first\"><p>Die Jugendsozialarbeit an der Graf-Stauffenberg-Realschule ist ein Projekt von: iSo e.V. ist ein \u00fcberregional t\u00e4tiger und gemeinn\u00fctzig anerkannter Tr\u00e4ger der Jugendhilfe mit Sitz in Bamberg.<\/p><\/div>\n<div class=\"gca-column one-third\"><p><img loading=\"lazy\" decoding=\"async\" class=\"alignnone wp-image-2482\" src=\"https:\/\/www.gsr-bamberg.de\/wordpress\/wp-content\/uploads\/2024\/11\/iSo_Logo-300x300.webp\" alt=\"\" width=\"150\" height=\"150\" srcset=\"https:\/\/www.gsr-bamberg.de\/wordpress\/wp-content\/uploads\/2024\/11\/iSo_Logo-300x300.webp 300w, https:\/\/www.gsr-bamberg.de\/wordpress\/wp-content\/uploads\/2024\/11\/iSo_Logo-150x150.webp 150w, https:\/\/www.gsr-bamberg.de\/wordpress\/wp-content\/uploads\/2024\/11\/iSo_Logo.webp 600w\" sizes=\"auto, (max-width: 150px) 100vw, 150px\" \/><\/p><\/div>\n<p>&nbsp;<\/p>\n<p>Das Programm Jugendsozialarbeit an Schulen wird aus Mitteln des Bayerischen<br \/>\nStaatsministeriums f\u00fcr Familie, Arbeit und Soziales gef\u00f6rdert.<\/p>\n<p><img loading=\"lazy\" decoding=\"async\" class=\"alignnone wp-image-2483\" src=\"https:\/\/www.gsr-bamberg.de\/wordpress\/wp-content\/uploads\/2024\/11\/Bayerisches-Staatsministerium-300x47.png\" alt=\"\" width=\"400\" height=\"63\" srcset=\"https:\/\/www.gsr-bamberg.de\/wordpress\/wp-content\/uploads\/2024\/11\/Bayerisches-Staatsministerium-300x47.png 300w, https:\/\/www.gsr-bamberg.de\/wordpress\/wp-content\/uploads\/2024\/11\/Bayerisches-Staatsministerium-1024x162.png 1024w, https:\/\/www.gsr-bamberg.de\/wordpress\/wp-content\/uploads\/2024\/11\/Bayerisches-Staatsministerium-768x121.png 768w, https:\/\/www.gsr-bamberg.de\/wordpress\/wp-content\/uploads\/2024\/11\/Bayerisches-Staatsministerium.png 1393w\" sizes=\"auto, (max-width: 400px) 100vw, 400px\" \/><\/p>\n<p>&nbsp;<\/p>\n","protected":false},"excerpt":{"rendered":"<p>Jugendsozialarbeit (JaS) an der Graf-Stauffenberg-Realschule Bamberg F\u00fcr Sch\u00fcler*innen: Beratung und Unterst\u00fctzung bei pers\u00f6nlichen Sorgen und Problemen, wie z.B. Lernschwierigkeiten, Konflikten mit Mitsch\u00fcler*innen, Mobbing, famili\u00e4re Probleme, Fragen zu Sexualit\u00e4t und Schwangerschaft, [&hellip;]<\/p>\n","protected":false},"author":2,"featured_media":0,"parent":365,"menu_order":0,"comment_status":"closed","ping_status":"closed","template":"","meta":{"ngg_post_thumbnail":0,"footnotes":""},"class_list":["post-2467","page","type-page","status-publish","hentry"],"_links":{"self":[{"href":"https:\/\/www.gsr-bamberg.de\/wordpress\/wp-json\/wp\/v2\/pages\/2467","targetHints":{"allow":["GET"]}}],"collection":[{"href":"https:\/\/www.gsr-bamberg.de\/wordpress\/wp-json\/wp\/v2\/pages"}],"about":[{"href":"https:\/\/www.gsr-bamberg.de\/wordpress\/wp-json\/wp\/v2\/types\/page"}],"author":[{"embeddable":true,"href":"https:\/\/www.gsr-bamberg.de\/wordpress\/wp-json\/wp\/v2\/users\/2"}],"replies":[{"embeddable":true,"href":"https:\/\/www.gsr-bamberg.de\/wordpress\/wp-json\/wp\/v2\/comments?post=2467"}],"version-history":[{"count":34,"href":"https:\/\/www.gsr-bamberg.de\/wordpress\/wp-json\/wp\/v2\/pages\/2467\/revisions"}],"predecessor-version":[{"id":3287,"href":"https:\/\/www.gsr-bamberg.de\/wordpress\/wp-json\/wp\/v2\/pages\/2467\/revisions\/3287"}],"up":[{"embeddable":true,"href":"https:\/\/www.gsr-bamberg.de\/wordpress\/wp-json\/wp\/v2\/pages\/365"}],"wp:attachment":[{"href":"https:\/\/www.gsr-bamberg.de\/wordpress\/wp-json\/wp\/v2\/media?parent=2467"}],"curies":[{"name":"wp","href":"https:\/\/api.w.org\/{rel}","templated":true}]}}