{"id":252,"date":"2023-07-19T14:51:24","date_gmt":"2023-07-19T12:51:24","guid":{"rendered":"http:\/\/www.s665648207.online.de\/wordpress\/?page_id=252"},"modified":"2023-11-21T11:14:26","modified_gmt":"2023-11-21T10:14:26","slug":"erkrankung-und-befreiung","status":"publish","type":"page","link":"https:\/\/www.gsr-bamberg.de\/wordpress\/service\/downloads-dokumente-und-formulare\/erkrankung-und-befreiung\/","title":{"rendered":"Erkrankung und Befreiung"},"content":{"rendered":"<h3>Krankmeldung<\/h3>\n<p>F\u00fcr Krankmeldungen bitten wir die entsprechende Funktion im Elternportal zu verwenden. Eine telefonische Verst\u00e4ndigung der Schule entf\u00e4llt dann und es muss auch keine schriftliche Entschuldigung mehr eingereicht werden.<\/p>\n<p>Beachten Sie aber, dass die Schule bis 08:00 Uhr verst\u00e4ndigt werden muss.<br \/>\nWenn sich krankheitsbedingte Schulvers\u00e4umnisse h\u00e4ufen oder wenn an der Erkrankung Zweifel bestehen, kann die Schule die Vorlage eines \u00e4rztlichen Zeugnisses verlangen. Wird dann das Zeugnis nicht vorgelegt, so gilt das Fernbleiben als unentschuldigt.<\/p>\n<p>Das Formular f\u00fcr eine Krankmeldung finden Sie <a href=\"https:\/\/www.gsr-bamberg.de\/wordpress\/wp-content\/uploads\/2023\/11\/Krankmeldung_GSR_Bamberg.pdf\">hier<\/a>.<\/p>\n<h3>Befreiung vom Unterricht<\/h3>\n<p>Beantragen Sie bitte auch Befreiungen vom Unterricht immer \u00fcber das Elternportal. Ein schriftlicher Befreiungsantrag ist dann nicht mehr erforderlich. Es ist aber zu beachten, dass ein Befreiungsantrag sp\u00e4testens zwei Tage vor dem Tag der Befreiung im Portal eingehen muss. Sp\u00e4ter nimmt das Portal den Antrag nicht mehr an, denn die Schulleitung ben\u00f6tigt Zeit, um einen Befreiungsantrag zu pr\u00fcfen und zu genehmigen. Sie werden \u00fcber die Genehmigung oder die Ablehnung ebenfalls \u00fcber das Portal informiert.<\/p>\n<p>Wenn Sie in Ausnahmef\u00e4llen erst am Vortag die Befreiung beantragen k\u00f6nnen, muss auf das alte Verfahren zur\u00fcckgegriffen werden: Der Antrag muss dann in Papierform eingereicht werden.<\/p>\n<p>In jedem Fall m\u00fcssen Belege f\u00fcr den Anlass der Befreiung eingereicht werden (Best\u00e4tigung eines Arztbesuches, Einladung zu einem Bewerbungsgespr\u00e4ch, Best\u00e4tigung der Teilnahme an einem Bewerbungsgespr\u00e4ch \u2026)<\/p>\n<p>Beachten Sie bitte auch, dass Befreiungen in der Regel aus folgenden Anl\u00e4ssen genehmigt werden:<\/p>\n<ul>\n<li>Arztbesuche, die nicht au\u00dferhalb der Schulzeit stattfinden k\u00f6nnen<\/li>\n<li>Bewerbungsgespr\u00e4che<\/li>\n<li>Beratungsgespr\u00e4che bei der Agentur f\u00fcr Arbeit<\/li>\n<li>bestimmte famili\u00e4re Anl\u00e4sse<\/li>\n<\/ul>\n<p>Sicher nicht genehmigt werden Befreiungen f\u00fcr F\u00fchrerscheinpr\u00fcfungen oder f\u00fcr Urlaubsreisen vor Ferienbeginn oder \u00fcber das Ferienende hinaus.<\/p>\n<p>Das Formular f\u00fcr eine Befreiung vom Unterricht finden Sie <a href=\"https:\/\/www.gsr-bamberg.de\/wordpress\/wp-content\/uploads\/2023\/11\/Unterrichtsbefreiung_GSR_Bamberg.pdf\">hier<\/a>.<\/p>\n","protected":false},"excerpt":{"rendered":"<p>Krankmeldung F\u00fcr Krankmeldungen bitten wir die entsprechende Funktion im Elternportal zu verwenden. Eine telefonische Verst\u00e4ndigung der Schule entf\u00e4llt dann und es muss auch keine schriftliche Entschuldigung mehr eingereicht werden. Beachten [&hellip;]<\/p>\n","protected":false},"author":1,"featured_media":0,"parent":504,"menu_order":0,"comment_status":"closed","ping_status":"closed","template":"","meta":{"ngg_post_thumbnail":0,"footnotes":""},"class_list":["post-252","page","type-page","status-publish","hentry"],"_links":{"self":[{"href":"https:\/\/www.gsr-bamberg.de\/wordpress\/wp-json\/wp\/v2\/pages\/252","targetHints":{"allow":["GET"]}}],"collection":[{"href":"https:\/\/www.gsr-bamberg.de\/wordpress\/wp-json\/wp\/v2\/pages"}],"about":[{"href":"https:\/\/www.gsr-bamberg.de\/wordpress\/wp-json\/wp\/v2\/types\/page"}],"author":[{"embeddable":true,"href":"https:\/\/www.gsr-bamberg.de\/wordpress\/wp-json\/wp\/v2\/users\/1"}],"replies":[{"embeddable":true,"href":"https:\/\/www.gsr-bamberg.de\/wordpress\/wp-json\/wp\/v2\/comments?post=252"}],"version-history":[{"count":12,"href":"https:\/\/www.gsr-bamberg.de\/wordpress\/wp-json\/wp\/v2\/pages\/252\/revisions"}],"predecessor-version":[{"id":1682,"href":"https:\/\/www.gsr-bamberg.de\/wordpress\/wp-json\/wp\/v2\/pages\/252\/revisions\/1682"}],"up":[{"embeddable":true,"href":"https:\/\/www.gsr-bamberg.de\/wordpress\/wp-json\/wp\/v2\/pages\/504"}],"wp:attachment":[{"href":"https:\/\/www.gsr-bamberg.de\/wordpress\/wp-json\/wp\/v2\/media?parent=252"}],"curies":[{"name":"wp","href":"https:\/\/api.w.org\/{rel}","templated":true}]}}