{"id":257,"date":"2023-07-19T15:51:57","date_gmt":"2023-07-19T13:51:57","guid":{"rendered":"http:\/\/www.s665648207.online.de\/wordpress\/?page_id=257"},"modified":"2025-11-26T11:32:37","modified_gmt":"2025-11-26T10:32:37","slug":"anmeldung-und-probeunterricht","status":"publish","type":"page","link":"https:\/\/www.gsr-bamberg.de\/wordpress\/service\/anmeldung-und-probeunterricht\/","title":{"rendered":"Anmeldung f\u00fcr h\u00f6here Jahrgangsstufen"},"content":{"rendered":"<div>\n<h2>Liebe Eltern,<\/h2>\n<p>die Anmeldung Ihrer T\u00f6chter und S\u00f6hne an der Graf-Stauffenberg-Realschule ist bis zum 01.08.2026 m\u00f6glich.<\/p>\n<p>Bitte vereinbaren Sie fr\u00fchzeitig ein Beratungsgespr\u00e4ch, wenn Sie f\u00fcr Ihr Kind einen \u00dcbertritt aus dem Gymnasium, der Mittelschule oder der Wirtschaftsschule erw\u00e4gen.<\/p>\n<p>F\u00fcr die Anmeldung rufen Sie bitte zuerst unsere <strong><a href=\"https:\/\/gsrsbam.eltern-portal.org\/anmeldung\/start\" target=\"_blank\" rel=\"noopener\">Online-Anmeldung<\/a> <\/strong>auf, f\u00fcllen Sie diese aus und versenden Sie Ihre Angaben.<\/p>\n<p>Drucken Sie danach das Anmeldeformular aus und unterschreiben Sie dieses.<\/p>\n<p>Falls n\u00f6tig, drucken Sie bitte auch den <strong><a class=\"csslink_extern\" title=\"Externer Link\" href=\"https:\/\/www.schulantrag.de\/anmeldung\/swonline\/ssl\/antrag-start-01.asp?sch=426&amp;AntrSchKein=1\" target=\"_blank\" rel=\"noopener\">Bef\u00f6rderungsantrag f\u00fcr die Kostenfreiheit des Schulwegs<\/a><\/strong> aus (nur f\u00fcr Kinder aus dem Landkreis) und bringen Sie diesen zur Anmeldung mit.<\/p>\n<p>Zuletzt \u00fcbermitteln Sie uns bitte die erforderlichen Anmeldeunterlagen <strong>fristgerecht<\/strong> auf dem Postweg, per E-Mail <a href=\"mailto:anmeldung@gsr-bamberg.de\">(anmeldung@gsr-bamberg.de<\/a>) oder auch pers\u00f6nlich.<\/p>\n<p>Das Jahreszeugnis der abgebenden Schule ist unbedingt im Original vorzulegen.<\/p>\n<p>Die \u00fcbrigen Unterlagen k\u00f6nnen auch in (ggf. digitaler) Kopie eingereicht werden.<\/p>\n<div class=\"accordion acc_plus\">\n<h2 id=\"eg_f\u00fcr_die_anmeldung_zwingend_erforderlich\" class=\"accordion-title active\"><strong>Zwingend erforderlich<\/strong><\/h2>\n<ul>\n<li>Anmeldeformular<\/li>\n<li>Jahreszeugnis im Original<\/li>\n<li>Geburtsurkunde oder Familienstammbuch<\/li>\n<li>Formular Einwilligung Elternportal + Sch\u00fclerportal<\/li>\n<li>Formular Datenschutzerkl\u00e4rung<\/li>\n<li>Formular Bef\u00f6rderungsantrag Stadt Bamberg (\u00fcber 3 km) oder Bef\u00f6rderungsantrag Landkreis Bamberg<\/li>\n<li>Formular Masernschutz und Impfpass<\/li>\n<\/ul>\n<\/div>\n<\/div>\n<h2 id=\"eg_anmeldung_weitere_unterlagen_falls_zutreffend\" class=\"accordion-title active\"><strong>Nur falls zutreffend<\/strong><\/h2>\n<ul>\n<li>Sorgerechtsbeschluss<\/li>\n<li>Nachweis Lese-\/Rechtschreibst\u00f6rung<\/li>\n<li>Formular OGTS Anmeldung+Mittagessen+Schweigepflichtsentbindung<\/li>\n<\/ul>\n<p>Bei Fragen zum Anmeldevorgang oder zur Schule wenden Sie sich bitte an das Sekretariat (<a href=\"mailto:verwaltung@gsr-bamberg.de\">verwaltung@gsr-bamberg.de<\/a>).<\/p>\n<p>Wir freuen uns auf eine gute Zusammenarbeit.<\/p>\n<p><strong>Ihr Team von der Graf-Stauffenberg-Realschule Bamberg<\/strong><\/p>\n","protected":false},"excerpt":{"rendered":"<p>Liebe Eltern, die Anmeldung Ihrer T\u00f6chter und S\u00f6hne an der Graf-Stauffenberg-Realschule ist bis zum 01.08.2026 m\u00f6glich. Bitte vereinbaren Sie fr\u00fchzeitig ein Beratungsgespr\u00e4ch, wenn Sie f\u00fcr Ihr Kind einen \u00dcbertritt aus [&hellip;]<\/p>\n","protected":false},"author":1,"featured_media":0,"parent":26,"menu_order":0,"comment_status":"closed","ping_status":"closed","template":"","meta":{"ngg_post_thumbnail":0,"footnotes":""},"class_list":["post-257","page","type-page","status-publish","hentry"],"_links":{"self":[{"href":"https:\/\/www.gsr-bamberg.de\/wordpress\/wp-json\/wp\/v2\/pages\/257","targetHints":{"allow":["GET"]}}],"collection":[{"href":"https:\/\/www.gsr-bamberg.de\/wordpress\/wp-json\/wp\/v2\/pages"}],"about":[{"href":"https:\/\/www.gsr-bamberg.de\/wordpress\/wp-json\/wp\/v2\/types\/page"}],"author":[{"embeddable":true,"href":"https:\/\/www.gsr-bamberg.de\/wordpress\/wp-json\/wp\/v2\/users\/1"}],"replies":[{"embeddable":true,"href":"https:\/\/www.gsr-bamberg.de\/wordpress\/wp-json\/wp\/v2\/comments?post=257"}],"version-history":[{"count":20,"href":"https:\/\/www.gsr-bamberg.de\/wordpress\/wp-json\/wp\/v2\/pages\/257\/revisions"}],"predecessor-version":[{"id":3047,"href":"https:\/\/www.gsr-bamberg.de\/wordpress\/wp-json\/wp\/v2\/pages\/257\/revisions\/3047"}],"up":[{"embeddable":true,"href":"https:\/\/www.gsr-bamberg.de\/wordpress\/wp-json\/wp\/v2\/pages\/26"}],"wp:attachment":[{"href":"https:\/\/www.gsr-bamberg.de\/wordpress\/wp-json\/wp\/v2\/media?parent=257"}],"curies":[{"name":"wp","href":"https:\/\/api.w.org\/{rel}","templated":true}]}}