{"id":286,"date":"2023-07-19T15:56:02","date_gmt":"2023-07-19T13:56:02","guid":{"rendered":"http:\/\/www.s665648207.online.de\/wordpress\/?page_id=286"},"modified":"2025-02-27T18:01:21","modified_gmt":"2025-02-27T17:01:21","slug":"befoerderungsantrag","status":"publish","type":"page","link":"https:\/\/www.gsr-bamberg.de\/wordpress\/service\/downloads-dokumente-und-formulare\/befoerderungsantrag\/","title":{"rendered":"Bef\u00f6rderungsantrag"},"content":{"rendered":"<div id=\"cc-m-12700552149\" class=\"j-module n j-hgrid \">\n<div class=\"cc-m-hgrid-column\">\n<div id=\"cc-matrix-3550461849\">\n<div id=\"cc-m-12700552249\" class=\"j-module n j-header \">\n<h3 id=\"cc-m-header-12700552249\" class=\"\">Bef\u00f6rderungsantrag f\u00fcr Sch\u00fcler, die in der Stadt Bamberg wohnen<\/h3>\n<\/div>\n<\/div>\n<\/div>\n<div class=\"cc-m-hgrid-separator\" data-display=\"cms-only\"><a href=\"https:\/\/www.gsr-bamberg.de\/wordpress\/wp-content\/uploads\/2023\/10\/Befoerderungsantrag_Stadt_Bamberg.pdf\">Bef\u00f6rderungsantrag_Stadt_Bamberg<\/a><\/div>\n<\/div>\n<div id=\"cc-m-12700553749\" class=\"j-module n j-hgrid \">\n<div class=\"cc-m-hgrid-column\">\n<div id=\"cc-matrix-3550462049\">\n<div id=\"cc-m-12700553849\" class=\"j-module n j-header \">\n<h3 id=\"cc-m-header-12700553849\" class=\"\">Bef\u00f6rderungsantrag f\u00fcr Sch\u00fcler, die im Landkreis Bamberg wohnen (Link)<\/h3>\n<\/div>\n<\/div>\n<\/div>\n<div class=\"cc-m-hgrid-separator\" data-display=\"cms-only\">\n<div><a href=\"https:\/\/www.schulantrag.de\/anmeldung\/swonline\/ssl\/antrag-start-01.asp?sch=426&amp;AntrSchKein=1\">https:\/\/www.schulantrag.de\/anmeldung\/swonline\/ssl\/antrag-start-01.asp?sch=426&amp;AntrSchKein=1<\/a><\/div>\n<\/div>\n<div class=\"cc-m-hgrid-column last\">\n<div id=\"cc-matrix-3550462149\">\n<div id=\"cc-m-12700740649\" class=\"j-module n j-callToAction \">\n<div class=\"j-calltoaction-wrapper j-calltoaction-align-2\">&nbsp;<\/div>\n<\/div>\n<\/div>\n<\/div>\n<\/div>\n<div class=\"cc-m-hgrid-overlay\" data-display=\"cms-only\">&nbsp;<\/div>\n","protected":false},"excerpt":{"rendered":"<p>Bef\u00f6rderungsantrag f\u00fcr Sch\u00fcler, die in der Stadt Bamberg wohnen Bef\u00f6rderungsantrag_Stadt_Bamberg Bef\u00f6rderungsantrag f\u00fcr Sch\u00fcler, die im Landkreis Bamberg wohnen (Link) https:\/\/www.schulantrag.de\/anmeldung\/swonline\/ssl\/antrag-start-01.asp?sch=426&amp;AntrSchKein=1 &nbsp; &nbsp;<\/p>\n","protected":false},"author":1,"featured_media":0,"parent":504,"menu_order":0,"comment_status":"closed","ping_status":"closed","template":"","meta":{"ngg_post_thumbnail":0,"footnotes":""},"class_list":["post-286","page","type-page","status-publish","hentry"],"_links":{"self":[{"href":"https:\/\/www.gsr-bamberg.de\/wordpress\/wp-json\/wp\/v2\/pages\/286","targetHints":{"allow":["GET"]}}],"collection":[{"href":"https:\/\/www.gsr-bamberg.de\/wordpress\/wp-json\/wp\/v2\/pages"}],"about":[{"href":"https:\/\/www.gsr-bamberg.de\/wordpress\/wp-json\/wp\/v2\/types\/page"}],"author":[{"embeddable":true,"href":"https:\/\/www.gsr-bamberg.de\/wordpress\/wp-json\/wp\/v2\/users\/1"}],"replies":[{"embeddable":true,"href":"https:\/\/www.gsr-bamberg.de\/wordpress\/wp-json\/wp\/v2\/comments?post=286"}],"version-history":[{"count":5,"href":"https:\/\/www.gsr-bamberg.de\/wordpress\/wp-json\/wp\/v2\/pages\/286\/revisions"}],"predecessor-version":[{"id":2662,"href":"https:\/\/www.gsr-bamberg.de\/wordpress\/wp-json\/wp\/v2\/pages\/286\/revisions\/2662"}],"up":[{"embeddable":true,"href":"https:\/\/www.gsr-bamberg.de\/wordpress\/wp-json\/wp\/v2\/pages\/504"}],"wp:attachment":[{"href":"https:\/\/www.gsr-bamberg.de\/wordpress\/wp-json\/wp\/v2\/media?parent=286"}],"curies":[{"name":"wp","href":"https:\/\/api.w.org\/{rel}","templated":true}]}}