{"id":297,"date":"2023-07-19T23:49:12","date_gmt":"2023-07-19T21:49:12","guid":{"rendered":"http:\/\/www.s665648207.online.de\/wordpress\/?page_id=297"},"modified":"2023-10-25T21:13:59","modified_gmt":"2023-10-25T19:13:59","slug":"berufsberatung","status":"publish","type":"page","link":"https:\/\/www.gsr-bamberg.de\/wordpress\/service\/beratung\/berufsberatung\/","title":{"rendered":"Berufsberatung"},"content":{"rendered":"<h3>Die Berufsberaterin Frau <strong>Wirth<\/strong> von der lokalen Arbeitsagentur hilft unseren Sch\u00fclern bei folgenden Fragen&#8230;<\/h3>\n<ul>\n<li>Wie geht es f\u00fcr mich nach dem Schulabschluss weiter?<\/li>\n<li>FOS oder lieber doch gleich eine Ausbildung?<\/li>\n<li>Welche Ausbildung ist f\u00fcr mich die richtige?<\/li>\n<li>Welche Voraussetzungen muss ich erf\u00fcllen, um meinen Traumberuf zu bekommen?<\/li>\n<li>Wo kann ich Praktika machen?<\/li>\n<li>Wie finde ich Ausbildungsstellen?<\/li>\n<\/ul>\n<p><strong>Bei all diesen Fragen informiert Frau Wirth neutral und <\/strong><strong>individuell im Rahmen von Klassenveranstaltungen, <\/strong><strong>Elternabenden und vor allem in Einzelgespr\u00e4chen.<\/strong><\/p>\n<p><strong>Sie ist nicht nur die Ansprechpartnerin f\u00fcr Sch\u00fclerinnen und Sch\u00fcler sondern <\/strong><strong>auch f\u00fcr Eltern. <\/strong><\/p>\n<h3>Pers\u00f6nliche Beratungsgespr\u00e4che nach Vereinbarung<\/h3>\n<ul>\n<li>Bamberg.Berufsberatung@arbeitsagentur.de<\/li>\n<li>Telefon:&nbsp;&nbsp;&nbsp;&nbsp; 0951\/9128-843 oder 0800 \u2013 4 5555 00<\/li>\n<\/ul>\n<p>&nbsp;<\/p>\n<p><img loading=\"lazy\" decoding=\"async\" class=\"alignnone size-medium wp-image-1547\" src=\"https:\/\/www.gsr-bamberg.de\/wordpress\/wp-content\/uploads\/2023\/10\/wirth-212x300.png\" alt=\"\" width=\"212\" height=\"300\" srcset=\"https:\/\/www.gsr-bamberg.de\/wordpress\/wp-content\/uploads\/2023\/10\/wirth-212x300.png 212w, https:\/\/www.gsr-bamberg.de\/wordpress\/wp-content\/uploads\/2023\/10\/wirth.png 307w\" sizes=\"auto, (max-width: 212px) 100vw, 212px\" \/><\/p>\n<p><strong>Marianne Wirth<\/strong><\/p>\n<p><strong>Berufsberaterin <\/strong><\/p>\n<p><strong>&nbsp;<\/strong><\/p>\n<p><strong>&nbsp;<\/strong><\/p>\n<p><strong>&nbsp;<\/strong><\/p>\n<p>&nbsp;&nbsp;&nbsp;&nbsp;<\/p>\n","protected":false},"excerpt":{"rendered":"<p>Die Berufsberaterin Frau Wirth von der lokalen Arbeitsagentur hilft unseren Sch\u00fclern bei folgenden Fragen&#8230; Wie geht es f\u00fcr mich nach dem Schulabschluss weiter? FOS oder lieber doch gleich eine Ausbildung? [&hellip;]<\/p>\n","protected":false},"author":1,"featured_media":0,"parent":122,"menu_order":0,"comment_status":"closed","ping_status":"closed","template":"","meta":{"ngg_post_thumbnail":0,"footnotes":""},"class_list":["post-297","page","type-page","status-publish","hentry"],"_links":{"self":[{"href":"https:\/\/www.gsr-bamberg.de\/wordpress\/wp-json\/wp\/v2\/pages\/297","targetHints":{"allow":["GET"]}}],"collection":[{"href":"https:\/\/www.gsr-bamberg.de\/wordpress\/wp-json\/wp\/v2\/pages"}],"about":[{"href":"https:\/\/www.gsr-bamberg.de\/wordpress\/wp-json\/wp\/v2\/types\/page"}],"author":[{"embeddable":true,"href":"https:\/\/www.gsr-bamberg.de\/wordpress\/wp-json\/wp\/v2\/users\/1"}],"replies":[{"embeddable":true,"href":"https:\/\/www.gsr-bamberg.de\/wordpress\/wp-json\/wp\/v2\/comments?post=297"}],"version-history":[{"count":7,"href":"https:\/\/www.gsr-bamberg.de\/wordpress\/wp-json\/wp\/v2\/pages\/297\/revisions"}],"predecessor-version":[{"id":1558,"href":"https:\/\/www.gsr-bamberg.de\/wordpress\/wp-json\/wp\/v2\/pages\/297\/revisions\/1558"}],"up":[{"embeddable":true,"href":"https:\/\/www.gsr-bamberg.de\/wordpress\/wp-json\/wp\/v2\/pages\/122"}],"wp:attachment":[{"href":"https:\/\/www.gsr-bamberg.de\/wordpress\/wp-json\/wp\/v2\/media?parent=297"}],"curies":[{"name":"wp","href":"https:\/\/api.w.org\/{rel}","templated":true}]}}