{"id":2984,"date":"2025-10-15T08:52:41","date_gmt":"2025-10-15T06:52:41","guid":{"rendered":"https:\/\/www.gsr-bamberg.de\/wordpress\/?page_id=2984"},"modified":"2025-12-18T09:09:58","modified_gmt":"2025-12-18T08:09:58","slug":"schulsanitaeter","status":"publish","type":"page","link":"https:\/\/www.gsr-bamberg.de\/wordpress\/schulsanitaeter\/","title":{"rendered":"Schulsanit\u00e4ter"},"content":{"rendered":"<p>Die Schulsanit\u00e4ter sind ein wichtiger Bestandteil des Schullebens und tragen wesentlich zur Sicherheit und Gesundheit unserer Sch\u00fcler bei. In dieser Arbeitsgemeinschaft erlernen interessierte Sch\u00fcler grundlegende und erweiterte Erste-Hilfe-Ma\u00dfnahmen, die sie im Notfall schnell und sicher anwenden k\u00f6nnen. Dabei werden Themen wie die stabile Seitenlage, die Herz-Lungen-Wiederbelebung (HLW) und der Umgang mit Verletzungen behandelt.<\/p>\n<div class=\"gca-column one-third first\"><p><img loading=\"lazy\" decoding=\"async\" class=\"alignnone size-large wp-image-2985\" src=\"https:\/\/www.gsr-bamberg.de\/wordpress\/wp-content\/uploads\/2025\/10\/20251002_084206-576x1024.jpg\" alt=\"\" width=\"576\" height=\"1024\" srcset=\"https:\/\/www.gsr-bamberg.de\/wordpress\/wp-content\/uploads\/2025\/10\/20251002_084206-576x1024.jpg 576w, https:\/\/www.gsr-bamberg.de\/wordpress\/wp-content\/uploads\/2025\/10\/20251002_084206-169x300.jpg 169w, https:\/\/www.gsr-bamberg.de\/wordpress\/wp-content\/uploads\/2025\/10\/20251002_084206-768x1365.jpg 768w, https:\/\/www.gsr-bamberg.de\/wordpress\/wp-content\/uploads\/2025\/10\/20251002_084206-864x1536.jpg 864w, https:\/\/www.gsr-bamberg.de\/wordpress\/wp-content\/uploads\/2025\/10\/20251002_084206-1152x2048.jpg 1152w, https:\/\/www.gsr-bamberg.de\/wordpress\/wp-content\/uploads\/2025\/10\/20251002_084206-scaled.jpg 1440w\" sizes=\"auto, (max-width: 576px) 100vw, 576px\" \/><\/p><\/div>\n<div class=\"gca-column one-third\"><p><img loading=\"lazy\" decoding=\"async\" class=\"alignnone size-large wp-image-2986\" src=\"https:\/\/www.gsr-bamberg.de\/wordpress\/wp-content\/uploads\/2025\/10\/20251002_100532-576x1024.jpg\" alt=\"\" width=\"576\" height=\"1024\" srcset=\"https:\/\/www.gsr-bamberg.de\/wordpress\/wp-content\/uploads\/2025\/10\/20251002_100532-576x1024.jpg 576w, https:\/\/www.gsr-bamberg.de\/wordpress\/wp-content\/uploads\/2025\/10\/20251002_100532-169x300.jpg 169w, https:\/\/www.gsr-bamberg.de\/wordpress\/wp-content\/uploads\/2025\/10\/20251002_100532-768x1365.jpg 768w, https:\/\/www.gsr-bamberg.de\/wordpress\/wp-content\/uploads\/2025\/10\/20251002_100532-864x1536.jpg 864w, https:\/\/www.gsr-bamberg.de\/wordpress\/wp-content\/uploads\/2025\/10\/20251002_100532-1152x2048.jpg 1152w, https:\/\/www.gsr-bamberg.de\/wordpress\/wp-content\/uploads\/2025\/10\/20251002_100532-scaled.jpg 1440w\" sizes=\"auto, (max-width: 576px) 100vw, 576px\" \/><\/p><\/div>\n<div class=\"gca-column one-third\"><p><img loading=\"lazy\" decoding=\"async\" class=\"alignnone size-large wp-image-3019\" src=\"https:\/\/www.gsr-bamberg.de\/wordpress\/wp-content\/uploads\/2025\/10\/Foddo_Sanis-576x1024.jpg\" alt=\"\" width=\"576\" height=\"1024\" srcset=\"https:\/\/www.gsr-bamberg.de\/wordpress\/wp-content\/uploads\/2025\/10\/Foddo_Sanis-576x1024.jpg 576w, https:\/\/www.gsr-bamberg.de\/wordpress\/wp-content\/uploads\/2025\/10\/Foddo_Sanis-169x300.jpg 169w, https:\/\/www.gsr-bamberg.de\/wordpress\/wp-content\/uploads\/2025\/10\/Foddo_Sanis-768x1365.jpg 768w, https:\/\/www.gsr-bamberg.de\/wordpress\/wp-content\/uploads\/2025\/10\/Foddo_Sanis-864x1536.jpg 864w, https:\/\/www.gsr-bamberg.de\/wordpress\/wp-content\/uploads\/2025\/10\/Foddo_Sanis-1152x2048.jpg 1152w, https:\/\/www.gsr-bamberg.de\/wordpress\/wp-content\/uploads\/2025\/10\/Foddo_Sanis-scaled.jpg 1440w\" sizes=\"auto, (max-width: 576px) 100vw, 576px\" \/><\/p><\/div>\n<p>Die Schulsanit\u00e4ter sind w\u00e4hrend des Schulalltags aktiv und stehen bei kleineren Verletzungen oder gesundheitlichen Problemen als Ansprechpartner zur Verf\u00fcgung.<\/p>\n<p>Sie sind regelm\u00e4\u00dfig im Einsatz bei Sportveranstaltungen, Ausfl\u00fcgen und Schulfesten, wo sie auf Notf\u00e4lle vorbereitet sind und schnell Hilfe leisten k\u00f6nnen.<\/p>\n<p>Ihre Aufgaben umfassen auch die Unterst\u00fctzung der Lehrkr\u00e4fte in Notfallsituationen und das Erkennen von gesundheitlichen Risiken.<br \/>\nNeben der praktischen Ausbildung spielt auch die regelm\u00e4\u00dfige Weiterbildung eine gro\u00dfe Rolle. Durch Schulungen und \u00dcbungen bleiben die Schulsanit\u00e4ter stets auf dem neuesten Stand und k\u00f6nnen ihre F\u00e4higkeiten kontinuierlich verbessern.<\/p>\n<p>Die AG Schulsanit\u00e4ter ist nicht nur eine wichtige Unterst\u00fctzung f\u00fcr die Schulgemeinschaft, sondern bietet den Teilnehmenden auch wertvolle Kenntnisse, die \u00fcber die Schulzeit hinaus von Bedeutung sind.<\/p>\n<p><img loading=\"lazy\" decoding=\"async\" class=\"alignnone wp-image-3060 size-medium\" src=\"https:\/\/www.gsr-bamberg.de\/wordpress\/wp-content\/uploads\/2025\/12\/Logo-SSD_ohne-Malteser-Logo_rot-schwarz_2017-300x119.png\" alt=\"\" width=\"300\" height=\"119\" srcset=\"https:\/\/www.gsr-bamberg.de\/wordpress\/wp-content\/uploads\/2025\/12\/Logo-SSD_ohne-Malteser-Logo_rot-schwarz_2017-300x119.png 300w, https:\/\/www.gsr-bamberg.de\/wordpress\/wp-content\/uploads\/2025\/12\/Logo-SSD_ohne-Malteser-Logo_rot-schwarz_2017-768x305.png 768w, https:\/\/www.gsr-bamberg.de\/wordpress\/wp-content\/uploads\/2025\/12\/Logo-SSD_ohne-Malteser-Logo_rot-schwarz_2017.png 831w\" sizes=\"auto, (max-width: 300px) 100vw, 300px\" \/><\/p>\n<p>Inhaltlich und organisatorisch werden die Schulsanit\u00e4ter von den Maltesern unterst\u00fctzt. Mit dieser Organisation besteht ein Kooperationsvertrag. Durch diese Zusammenarbeit profitieren die Sch\u00fclerinnen und Sch\u00fcler von einer fundierten Ausbildung und praxisnahen Trainings unter Anleitung erfahrener Fachkr\u00e4fte.<\/p>\n<p>&nbsp;<\/p>\n<p>&nbsp;<\/p>\n","protected":false},"excerpt":{"rendered":"<p>Die Schulsanit\u00e4ter sind ein wichtiger Bestandteil des Schullebens und tragen wesentlich zur Sicherheit und Gesundheit unserer Sch\u00fcler bei. In dieser Arbeitsgemeinschaft erlernen interessierte Sch\u00fcler grundlegende und erweiterte Erste-Hilfe-Ma\u00dfnahmen, die sie [&hellip;]<\/p>\n","protected":false},"author":2,"featured_media":0,"parent":0,"menu_order":0,"comment_status":"closed","ping_status":"closed","template":"","meta":{"ngg_post_thumbnail":0,"footnotes":""},"class_list":["post-2984","page","type-page","status-publish","hentry"],"_links":{"self":[{"href":"https:\/\/www.gsr-bamberg.de\/wordpress\/wp-json\/wp\/v2\/pages\/2984","targetHints":{"allow":["GET"]}}],"collection":[{"href":"https:\/\/www.gsr-bamberg.de\/wordpress\/wp-json\/wp\/v2\/pages"}],"about":[{"href":"https:\/\/www.gsr-bamberg.de\/wordpress\/wp-json\/wp\/v2\/types\/page"}],"author":[{"embeddable":true,"href":"https:\/\/www.gsr-bamberg.de\/wordpress\/wp-json\/wp\/v2\/users\/2"}],"replies":[{"embeddable":true,"href":"https:\/\/www.gsr-bamberg.de\/wordpress\/wp-json\/wp\/v2\/comments?post=2984"}],"version-history":[{"count":9,"href":"https:\/\/www.gsr-bamberg.de\/wordpress\/wp-json\/wp\/v2\/pages\/2984\/revisions"}],"predecessor-version":[{"id":3091,"href":"https:\/\/www.gsr-bamberg.de\/wordpress\/wp-json\/wp\/v2\/pages\/2984\/revisions\/3091"}],"wp:attachment":[{"href":"https:\/\/www.gsr-bamberg.de\/wordpress\/wp-json\/wp\/v2\/media?parent=2984"}],"curies":[{"name":"wp","href":"https:\/\/api.w.org\/{rel}","templated":true}]}}