{"id":3288,"date":"2026-04-15T09:58:29","date_gmt":"2026-04-15T07:58:29","guid":{"rendered":"https:\/\/www.gsr-bamberg.de\/wordpress\/?page_id=3288"},"modified":"2026-04-15T10:00:22","modified_gmt":"2026-04-15T08:00:22","slug":"schliessfachanmeldung","status":"publish","type":"page","link":"https:\/\/www.gsr-bamberg.de\/wordpress\/schliessfachanmeldung\/","title":{"rendered":"Schlie\u00dffachanmeldung"},"content":{"rendered":"<p>An unserer Schule besteht die M\u00f6glichkeit, ein pers\u00f6nliches Schlie\u00dffach zu mieten. Die Schlie\u00dff\u00e4cher werden von der Firma <strong>Mietra<\/strong> bereitgestellt und verwaltet. Sie bieten Sch\u00fclerinnen und Sch\u00fclern eine sichere M\u00f6glichkeit, Schulmaterialien, Sportkleidung oder pers\u00f6nliche Gegenst\u00e4nde w\u00e4hrend des Schultags aufzubewahren und den Schulranzen zu entlasten.<\/p>\n<p>Anmeldeoptionen:&nbsp;<\/p>\n<ol>\n<li><strong> Anmeldeformular als PDF<\/strong><br \/>\n<a href=\"https:\/\/www.gsr-bamberg.de\/wordpress\/wp-content\/uploads\/2026\/04\/Elternbrief_Anmeldeformular.pdf\">hier<\/a><\/li>\n<li><strong> Direktlink zur Online-Anmeldung<\/strong><br \/>\n\u00dcber den folgenden Link gelangen Eltern direkt zur Schlie\u00dffachanmeldung auf unserer Website. Schulname und -ort sind bereits hinterlegt, die Anmeldung ist somit schnell und unkompliziert m\u00f6glich: <a href=\"https:\/\/serviceportal.schliessfaecher.de\/schliessfach-mieten?School=980193\"> https:\/\/serviceportal.schliessfaecher.de\/schliessfach-mieten?School=980193<\/a><\/li>\n<\/ol>\n","protected":false},"excerpt":{"rendered":"<p>An unserer Schule besteht die M\u00f6glichkeit, ein pers\u00f6nliches Schlie\u00dffach zu mieten. Die Schlie\u00dff\u00e4cher werden von der Firma Mietra bereitgestellt und verwaltet. Sie bieten Sch\u00fclerinnen und Sch\u00fclern eine sichere M\u00f6glichkeit, Schulmaterialien, [&hellip;]<\/p>\n","protected":false},"author":2,"featured_media":0,"parent":0,"menu_order":0,"comment_status":"closed","ping_status":"closed","template":"","meta":{"ngg_post_thumbnail":0,"footnotes":""},"class_list":["post-3288","page","type-page","status-publish","hentry"],"_links":{"self":[{"href":"https:\/\/www.gsr-bamberg.de\/wordpress\/wp-json\/wp\/v2\/pages\/3288","targetHints":{"allow":["GET"]}}],"collection":[{"href":"https:\/\/www.gsr-bamberg.de\/wordpress\/wp-json\/wp\/v2\/pages"}],"about":[{"href":"https:\/\/www.gsr-bamberg.de\/wordpress\/wp-json\/wp\/v2\/types\/page"}],"author":[{"embeddable":true,"href":"https:\/\/www.gsr-bamberg.de\/wordpress\/wp-json\/wp\/v2\/users\/2"}],"replies":[{"embeddable":true,"href":"https:\/\/www.gsr-bamberg.de\/wordpress\/wp-json\/wp\/v2\/comments?post=3288"}],"version-history":[{"count":2,"href":"https:\/\/www.gsr-bamberg.de\/wordpress\/wp-json\/wp\/v2\/pages\/3288\/revisions"}],"predecessor-version":[{"id":3292,"href":"https:\/\/www.gsr-bamberg.de\/wordpress\/wp-json\/wp\/v2\/pages\/3288\/revisions\/3292"}],"wp:attachment":[{"href":"https:\/\/www.gsr-bamberg.de\/wordpress\/wp-json\/wp\/v2\/media?parent=3288"}],"curies":[{"name":"wp","href":"https:\/\/api.w.org\/{rel}","templated":true}]}}