{"id":339,"date":"2023-07-31T01:19:30","date_gmt":"2023-07-30T23:19:30","guid":{"rendered":"http:\/\/www.s665648207.online.de\/wordpress\/?page_id=339"},"modified":"2023-10-25T21:06:46","modified_gmt":"2023-10-25T19:06:46","slug":"schulbuecherei","status":"publish","type":"page","link":"https:\/\/www.gsr-bamberg.de\/wordpress\/schulleben\/schulbuecherei\/","title":{"rendered":"Schulb\u00fccherei"},"content":{"rendered":"<div id=\"cc-m-13116635449\" class=\"j-module n j-hr \">\n<p>Die Graf-Stauffenberg-Realschule verf\u00fcgt \u00fcber eine ger\u00e4umige Schulb\u00fccherei, denn am Lesestoff soll es begeisterten Leserinnen und Lesern nicht mangeln. Sachb\u00fccher, Zeitschriften zu verschiedensten Themen, Kinder- und Jugendb\u00fccher stehen zur Auswahl und k\u00f6nnen zu festgelegten Ausleihzeiten w\u00e4hrend der Pausen oder nach Unterrichtsschluss entliehen werden. Gerne wird der Raum auch f\u00fcr Lesestunden verwendet.<\/p>\n<\/div>\n","protected":false},"excerpt":{"rendered":"<p>Die Graf-Stauffenberg-Realschule verf\u00fcgt \u00fcber eine ger\u00e4umige Schulb\u00fccherei, denn am Lesestoff soll es begeisterten Leserinnen und Lesern nicht mangeln. Sachb\u00fccher, Zeitschriften zu verschiedensten Themen, Kinder- und Jugendb\u00fccher stehen zur Auswahl und [&hellip;]<\/p>\n","protected":false},"author":1,"featured_media":0,"parent":1037,"menu_order":0,"comment_status":"closed","ping_status":"closed","template":"","meta":{"ngg_post_thumbnail":0,"footnotes":""},"class_list":["post-339","page","type-page","status-publish","hentry"],"_links":{"self":[{"href":"https:\/\/www.gsr-bamberg.de\/wordpress\/wp-json\/wp\/v2\/pages\/339","targetHints":{"allow":["GET"]}}],"collection":[{"href":"https:\/\/www.gsr-bamberg.de\/wordpress\/wp-json\/wp\/v2\/pages"}],"about":[{"href":"https:\/\/www.gsr-bamberg.de\/wordpress\/wp-json\/wp\/v2\/types\/page"}],"author":[{"embeddable":true,"href":"https:\/\/www.gsr-bamberg.de\/wordpress\/wp-json\/wp\/v2\/users\/1"}],"replies":[{"embeddable":true,"href":"https:\/\/www.gsr-bamberg.de\/wordpress\/wp-json\/wp\/v2\/comments?post=339"}],"version-history":[{"count":3,"href":"https:\/\/www.gsr-bamberg.de\/wordpress\/wp-json\/wp\/v2\/pages\/339\/revisions"}],"predecessor-version":[{"id":1553,"href":"https:\/\/www.gsr-bamberg.de\/wordpress\/wp-json\/wp\/v2\/pages\/339\/revisions\/1553"}],"up":[{"embeddable":true,"href":"https:\/\/www.gsr-bamberg.de\/wordpress\/wp-json\/wp\/v2\/pages\/1037"}],"wp:attachment":[{"href":"https:\/\/www.gsr-bamberg.de\/wordpress\/wp-json\/wp\/v2\/media?parent=339"}],"curies":[{"name":"wp","href":"https:\/\/api.w.org\/{rel}","templated":true}]}}