{"id":341,"date":"2023-07-31T01:21:32","date_gmt":"2023-07-30T23:21:32","guid":{"rendered":"http:\/\/www.s665648207.online.de\/wordpress\/?page_id=341"},"modified":"2025-01-13T10:06:16","modified_gmt":"2025-01-13T09:06:16","slug":"umweltgruppe","status":"publish","type":"page","link":"https:\/\/www.gsr-bamberg.de\/wordpress\/schulleben\/natur-und-technik\/umweltgruppe\/","title":{"rendered":"Umweltgruppe"},"content":{"rendered":"<div id=\"cc-m-13116632149\" class=\"j-module n j-header \">\n<p>In der Umweltgruppe machen sich engagierte Sch\u00fclerinnen und Sch\u00fcler von der f\u00fcnften bis zur zehnten Jahrgangsstufe Gedanken, wie man das Leben nachhaltiger, umweltgerechter und klimafreundlicher gestalten k\u00f6nnte. Das bleiben aber keine theoretischen Gedankenspiele \u2013 es wird auch angepackt. So wurde z.B. ein neues Recyclingsystem in den Klassenzimmern eingerichtet, ein Winterquartier f\u00fcr Igel eingerichtet sowie eine gro\u00dfe M\u00fcllsammelaktion in der weiteren Umgebung der Schule gestartet. Aufgabe eines Fotowettbewerbs war es, ein Foto eines \u201eLebewesens in der Schulumgebung\u201c zu schie\u00dfen.<\/p>\n<\/div>\n<p><a href=\"https:\/\/www.gsr-bamberg.de\/wordpress\/wp-content\/uploads\/2023\/10\/Bild_Salbei.jpg\"><img loading=\"lazy\" decoding=\"async\" class=\"aligncenter wp-image-1326\" src=\"https:\/\/www.gsr-bamberg.de\/wordpress\/wp-content\/uploads\/2023\/10\/Bild_Salbei-576x1024.jpg\" alt=\"\" width=\"400\" height=\"711\" srcset=\"https:\/\/www.gsr-bamberg.de\/wordpress\/wp-content\/uploads\/2023\/10\/Bild_Salbei-576x1024.jpg 576w, https:\/\/www.gsr-bamberg.de\/wordpress\/wp-content\/uploads\/2023\/10\/Bild_Salbei-169x300.jpg 169w, https:\/\/www.gsr-bamberg.de\/wordpress\/wp-content\/uploads\/2023\/10\/Bild_Salbei-768x1365.jpg 768w, https:\/\/www.gsr-bamberg.de\/wordpress\/wp-content\/uploads\/2023\/10\/Bild_Salbei-864x1536.jpg 864w, https:\/\/www.gsr-bamberg.de\/wordpress\/wp-content\/uploads\/2023\/10\/Bild_Salbei.jpg 1080w\" sizes=\"auto, (max-width: 400px) 100vw, 400px\" \/><\/a><\/p>\n<p>&nbsp;<\/p>\n<div id=\"cc-m-13116632149\" class=\"j-module n j-header \">\n<p>Die Anstrengungen im Schuljahr 2021\/22 wurden mit Erfolg gekr\u00f6nt. Die Graf-Stauffenberg-Realschule erhielt den Titel \u201eUmweltschule\u201c.<\/p>\n<\/div>\n<div id=\"cc-m-13086324149\" class=\"j-module n j-hgrid \">\n<div class=\"cc-m-hgrid-column\">\n<div id=\"cc-matrix-3672062049\">\n<div id=\"cc-m-13259889349\" class=\"j-module n j-imageSubtitle \" style=\"text-align: left;\">\n<figure class=\"cc-imagewrapper cc-m-image-align-1 cc-m-width-maxed\"><img decoding=\"async\" id=\"cc-m-imagesubtitle-image-13259889349\" class=\"aligncenter\" src=\"https:\/\/image.jimcdn.com\/app\/cms\/image\/transf\/dimension=692x10000:format=jpg\/path\/s6d6ccf675ae18221\/image\/i636af002770ba3d6\/version\/1671470505\/image.jpg\" sizes=\"(min-width: 692px) 692px, 100vw\" srcset=\"https:\/\/image.jimcdn.com\/app\/cms\/image\/transf\/dimension=320x10000:format=jpg\/path\/s6d6ccf675ae18221\/image\/i636af002770ba3d6\/version\/1671470505\/image.jpg 320w, https:\/\/image.jimcdn.com\/app\/cms\/image\/transf\/dimension=640x10000:format=jpg\/path\/s6d6ccf675ae18221\/image\/i636af002770ba3d6\/version\/1671470505\/image.jpg 640w, https:\/\/image.jimcdn.com\/app\/cms\/image\/transf\/dimension=692x10000:format=jpg\/path\/s6d6ccf675ae18221\/image\/i636af002770ba3d6\/version\/1671470505\/image.jpg 692w, https:\/\/image.jimcdn.com\/app\/cms\/image\/transf\/dimension=960x10000:format=jpg\/path\/s6d6ccf675ae18221\/image\/i636af002770ba3d6\/version\/1671470505\/image.jpg 960w, https:\/\/image.jimcdn.com\/app\/cms\/image\/transf\/dimension=1280x10000:format=jpg\/path\/s6d6ccf675ae18221\/image\/i636af002770ba3d6\/version\/1671470505\/image.jpg 1280w, https:\/\/image.jimcdn.com\/app\/cms\/image\/transf\/dimension=1384x10000:format=jpg\/path\/s6d6ccf675ae18221\/image\/i636af002770ba3d6\/version\/1671470505\/image.jpg 1384w\" alt=\"\" data-src-width=\"4608\" data-src-height=\"3072\" data-src=\"https:\/\/image.jimcdn.com\/app\/cms\/image\/transf\/dimension=692x10000:format=jpg\/path\/s6d6ccf675ae18221\/image\/i636af002770ba3d6\/version\/1671470505\/image.jpg\" data-image-id=\"8064430649\"><\/figure>\n<figure class=\"cc-imagewrapper cc-m-image-align-1 cc-m-width-maxed\">Der Zweite B\u00fcrgermeister Jonas Gl\u00fcsenkamp kam an unsere Schule, um der Umweltgruppe zu ihrem Erfolg zu gratulieren. Informationen zu diesem Thema erhaltet ihr auch bei <a title=\"https:\/\/www.radio-bamberg.de\/graf-stauffenberg-realschule-in-bamberg-10292482\/\" href=\"https:\/\/www.radio-bamberg.de\/graf-stauffenberg-realschule-in-bamberg-10292482\/\" target=\"_blank\" rel=\"noopener\">Radio Bamberg<\/a> und der <a title=\"https:\/\/www.stadt.bamberg.de\/B%C3%BCrgerservice\/%C3%84mter\/Amt-f%C3%BCr-B%C3%BCrgerbeteiligung-Presse-und-%C3%96ffentlichkeitsarbeit\/Pressearchiv\/Graf-Stauffenberg-Realschule-ist-jetzt-Umweltschule.php?object=tx,3481.6&amp;ModID=7&amp;FID=3481.1573.1&amp;NavID=3267.46&amp;La=1\" href=\"https:\/\/www.stadt.bamberg.de\/B%C3%BCrgerservice\/%C3%84mter\/Amt-f%C3%BCr-B%C3%BCrgerbeteiligung-Presse-und-%C3%96ffentlichkeitsarbeit\/Pressearchiv\/Graf-Stauffenberg-Realschule-ist-jetzt-Umweltschule.php?object=tx,3481.6&amp;ModID=7&amp;FID=3481.1573.1&amp;NavID=3267.46&amp;La=1\" target=\"_blank\" rel=\"noopener\"> Webseite der Stadt Bamberg<\/a>.<\/figure>\n<p>Der Titel muss j\u00e4hrlich wieder best\u00e4tigt werden, ob das geschieht, h\u00e4ngt von der Fortf\u00fchrung der Aktivit\u00e4ten ab. Da Herr Miekisch und seine Gruppe hier nicht nachlie\u00dfen, erhielt die Schule den Titel auch f\u00fcr die Schuljahre 2022\/23 und 2023\/24.<br \/>\nAuch im laufenden Schuljahr ist wieder ein Team aktiv.<\/p>\n<\/div>\n<\/div>\n<\/div>\n<\/div>\n","protected":false},"excerpt":{"rendered":"<p>In der Umweltgruppe machen sich engagierte Sch\u00fclerinnen und Sch\u00fcler von der f\u00fcnften bis zur zehnten Jahrgangsstufe Gedanken, wie man das Leben nachhaltiger, umweltgerechter und klimafreundlicher gestalten k\u00f6nnte. Das bleiben aber [&hellip;]<\/p>\n","protected":false},"author":1,"featured_media":0,"parent":1102,"menu_order":0,"comment_status":"closed","ping_status":"closed","template":"","meta":{"ngg_post_thumbnail":0,"footnotes":""},"class_list":["post-341","page","type-page","status-publish","hentry"],"_links":{"self":[{"href":"https:\/\/www.gsr-bamberg.de\/wordpress\/wp-json\/wp\/v2\/pages\/341","targetHints":{"allow":["GET"]}}],"collection":[{"href":"https:\/\/www.gsr-bamberg.de\/wordpress\/wp-json\/wp\/v2\/pages"}],"about":[{"href":"https:\/\/www.gsr-bamberg.de\/wordpress\/wp-json\/wp\/v2\/types\/page"}],"author":[{"embeddable":true,"href":"https:\/\/www.gsr-bamberg.de\/wordpress\/wp-json\/wp\/v2\/users\/1"}],"replies":[{"embeddable":true,"href":"https:\/\/www.gsr-bamberg.de\/wordpress\/wp-json\/wp\/v2\/comments?post=341"}],"version-history":[{"count":8,"href":"https:\/\/www.gsr-bamberg.de\/wordpress\/wp-json\/wp\/v2\/pages\/341\/revisions"}],"predecessor-version":[{"id":2616,"href":"https:\/\/www.gsr-bamberg.de\/wordpress\/wp-json\/wp\/v2\/pages\/341\/revisions\/2616"}],"up":[{"embeddable":true,"href":"https:\/\/www.gsr-bamberg.de\/wordpress\/wp-json\/wp\/v2\/pages\/1102"}],"wp:attachment":[{"href":"https:\/\/www.gsr-bamberg.de\/wordpress\/wp-json\/wp\/v2\/media?parent=341"}],"curies":[{"name":"wp","href":"https:\/\/api.w.org\/{rel}","templated":true}]}}