{"id":343,"date":"2023-07-31T01:25:39","date_gmt":"2023-07-30T23:25:39","guid":{"rendered":"http:\/\/www.s665648207.online.de\/wordpress\/?page_id=343"},"modified":"2023-10-17T21:20:53","modified_gmt":"2023-10-17T19:20:53","slug":"schuelerlotsen","status":"publish","type":"page","link":"https:\/\/www.gsr-bamberg.de\/wordpress\/schulleben\/gesellschaft-und-soziales\/schuelerlotsen\/","title":{"rendered":"Sch\u00fclerlotsen"},"content":{"rendered":"<p>F\u00fcr den sicheren \u00dcbergang an der stark befahrenen Kreuzung Starkenfeldstra\u00dfe\/Kloster-Langheim-Stra\u00dfe sorgt unser Sch\u00fclerlotsenteam. Erfreulicherweise gelingt es der betreuenden Lehrkraft, Herrn Dennerlein, jedes Schuljahr zahlreiche Sch\u00fclerinnen und Sch\u00fcler zu gewinnen, die sich in dieser Funktion gerne um die Sicherheit ihrer Mitsch\u00fclerinnen und Mitsch\u00fcler und anderer Passanten k\u00fcmmern.<br \/>\nBevor man diese verantwortungsvolle T\u00e4tigkeit aus\u00fcben darf, erfolgt an vier Nachmittagen eine Schulung durch die Verkehrserzieher der Polizei, um mit allen Regeln eines Verkehrsweghelfers vertraut zu sein. Am f\u00fcnften Nachmittag wird das erworbene Wissen gepr\u00fcft. Nach bestandener Pr\u00fcfung erhalten die Teilnehmenden einen Einsatzpass.<br \/>\nDann sind sie ger\u00fcstet, um in wechselnden Teams alle Fu\u00dfg\u00e4nger sicher \u00fcber die Stra\u00dfe zu begleiten.<br \/>\nEs ist erfreulich, wie regelm\u00e4\u00dfig, zuverl\u00e4ssig und verantwortungsvoll unsere ausgebildeten Sch\u00fclerlotsen und \u2013lotsinnen jedes Jahr aufs Neue ihren Dienst versehen.<br \/>\nDie Stadt Bamberg ehrt dieses wichtige Engagement j\u00e4hrlich durch eine Ehrung der Lotsen in Verbindung mit einer Filmvorf\u00fchrunng und durch die Finanzierung eines Besuches im Freizeitland Geiselwind.<\/p>\n<p>&nbsp;<\/p>\n<div id=\"cc-m-13117499349\" class=\"j-module n j-hgrid \">\n<div class=\"cc-m-hgrid-column\">\n<div id=\"cc-matrix-3680537449\">\n<div id=\"cc-m-13117499949\" class=\"j-module n j-gallery \">\n<div id=\"cc-m-gallery-13117499949\" class=\"cc-m-gallery-container cc-m-gallery-slider cc-m-gallery-slider-fullscreen-enabled \">\n<div class=\"bx-wrapper\">\n<div class=\"bx-viewport\" aria-live=\"polite\">\n<ul>\n<li class=\"bx-clone\" aria-hidden=\"true\"><a rel=\"lightbox[13117499949]\" data-href=\"https:\/\/image.jimcdn.com\/app\/cms\/image\/transf\/none\/path\/s6d6ccf675ae18221\/image\/i925478e45657f56c\/version\/1644345238\/image.jpg\" data-title=\"\" data-index=\"3\"><img decoding=\"async\" src=\"https:\/\/image.jimcdn.com\/app\/cms\/image\/transf\/none\/path\/s6d6ccf675ae18221\/image\/i925478e45657f56c\/version\/1644345238\/image.jpg\" alt=\"\" data-orig-width=\"1025\" data-orig-height=\"802\"><\/a><\/li>\n<li aria-hidden=\"false\"><a rel=\"lightbox[13117499949]\" data-href=\"https:\/\/image.jimcdn.com\/app\/cms\/image\/transf\/dimension=2048x2048:format=jpg\/path\/s6d6ccf675ae18221\/image\/i54aeae469ebf76a5\/version\/1644345238\/image.jpg\" data-title=\"\" data-index=\"0\"><img decoding=\"async\" src=\"https:\/\/image.jimcdn.com\/app\/cms\/image\/transf\/dimension=2048x2048:format=jpg\/path\/s6d6ccf675ae18221\/image\/i54aeae469ebf76a5\/version\/1644345238\/image.jpg\" alt=\"\" data-orig-width=\"2048\" data-orig-height=\"877\"><\/a><\/li>\n<li aria-hidden=\"true\"><a rel=\"lightbox[13117499949]\" data-href=\"https:\/\/image.jimcdn.com\/app\/cms\/image\/transf\/none\/path\/s6d6ccf675ae18221\/image\/ib695130b7d318ddf\/version\/1644345238\/image.jpg\" data-title=\"\" data-index=\"1\"><img decoding=\"async\" src=\"https:\/\/image.jimcdn.com\/app\/cms\/image\/transf\/none\/path\/s6d6ccf675ae18221\/image\/ib695130b7d318ddf\/version\/1644345238\/image.jpg\" alt=\"\" data-orig-width=\"994\" data-orig-height=\"712\"><\/a><\/li>\n<li aria-hidden=\"true\"><a rel=\"lightbox[13117499949]\" data-href=\"https:\/\/image.jimcdn.com\/app\/cms\/image\/transf\/none\/path\/s6d6ccf675ae18221\/image\/iaa8c9568a561f5cb\/version\/1644345238\/image.jpg\" data-title=\"\" data-index=\"2\"><img decoding=\"async\" src=\"https:\/\/image.jimcdn.com\/app\/cms\/image\/transf\/none\/path\/s6d6ccf675ae18221\/image\/iaa8c9568a561f5cb\/version\/1644345238\/image.jpg\" alt=\"\" data-orig-width=\"739\" data-orig-height=\"580\"><\/a><\/li>\n<\/ul>\n<\/div>\n<\/div>\n<\/div>\n<\/div>\n<\/div>\n<\/div>\n<\/div>\n","protected":false},"excerpt":{"rendered":"<p>F\u00fcr den sicheren \u00dcbergang an der stark befahrenen Kreuzung Starkenfeldstra\u00dfe\/Kloster-Langheim-Stra\u00dfe sorgt unser Sch\u00fclerlotsenteam. Erfreulicherweise gelingt es der betreuenden Lehrkraft, Herrn Dennerlein, jedes Schuljahr zahlreiche Sch\u00fclerinnen und Sch\u00fcler zu gewinnen, die [&hellip;]<\/p>\n","protected":false},"author":1,"featured_media":0,"parent":1100,"menu_order":0,"comment_status":"closed","ping_status":"closed","template":"","meta":{"ngg_post_thumbnail":0,"footnotes":""},"class_list":["post-343","page","type-page","status-publish","hentry"],"_links":{"self":[{"href":"https:\/\/www.gsr-bamberg.de\/wordpress\/wp-json\/wp\/v2\/pages\/343","targetHints":{"allow":["GET"]}}],"collection":[{"href":"https:\/\/www.gsr-bamberg.de\/wordpress\/wp-json\/wp\/v2\/pages"}],"about":[{"href":"https:\/\/www.gsr-bamberg.de\/wordpress\/wp-json\/wp\/v2\/types\/page"}],"author":[{"embeddable":true,"href":"https:\/\/www.gsr-bamberg.de\/wordpress\/wp-json\/wp\/v2\/users\/1"}],"replies":[{"embeddable":true,"href":"https:\/\/www.gsr-bamberg.de\/wordpress\/wp-json\/wp\/v2\/comments?post=343"}],"version-history":[{"count":5,"href":"https:\/\/www.gsr-bamberg.de\/wordpress\/wp-json\/wp\/v2\/pages\/343\/revisions"}],"predecessor-version":[{"id":1412,"href":"https:\/\/www.gsr-bamberg.de\/wordpress\/wp-json\/wp\/v2\/pages\/343\/revisions\/1412"}],"up":[{"embeddable":true,"href":"https:\/\/www.gsr-bamberg.de\/wordpress\/wp-json\/wp\/v2\/pages\/1100"}],"wp:attachment":[{"href":"https:\/\/www.gsr-bamberg.de\/wordpress\/wp-json\/wp\/v2\/media?parent=343"}],"curies":[{"name":"wp","href":"https:\/\/api.w.org\/{rel}","templated":true}]}}