{"id":345,"date":"2023-07-31T01:29:57","date_gmt":"2023-07-30T23:29:57","guid":{"rendered":"http:\/\/www.s665648207.online.de\/wordpress\/?page_id=345"},"modified":"2026-01-09T12:03:15","modified_gmt":"2026-01-09T11:03:15","slug":"die-mitmacher","status":"publish","type":"page","link":"https:\/\/www.gsr-bamberg.de\/wordpress\/schulleben\/gesellschaft-und-soziales\/die-mitmacher\/","title":{"rendered":"Die Mitmacher"},"content":{"rendered":"<p><strong>Werde Teil der Mitmacher!<\/strong><\/p>\n<p>In unserem Wahlfach \u201eDie Mitmacher\u201c gestalten Sch\u00fclerinnen und Sch\u00fcler gemeinsam mit einer Lehrkraft das Schulleben aktiv mit. Ob Nikolausbesuch, Weihnachtsbasar, faire Fr\u00fchst\u00fccke oder das Sommerfest \u2013 hier k\u00f6nnen deine Ideen wirklich umgesetzt werden!&nbsp;<\/p>\n<p>Wir organisieren Aktionen, verkaufen fair gehandelte Leckereien und sorgen daf\u00fcr, dass alle Jahrg\u00e4nge ins Gespr\u00e4ch kommen. So lernen wir nicht nur viel \u00fcber Teamarbeit und Nachhaltigkeit, sondern tragen auch aktiv zu einer faireren Welt bei.&nbsp;<\/p>\n<p>Neugierig geworden? Dann komm vorbei und mach mit \u2013 wir freuen uns auf dich!<\/p>\n<p><img loading=\"lazy\" decoding=\"async\" class=\"alignnone size-large wp-image-3130\" src=\"https:\/\/www.gsr-bamberg.de\/wordpress\/wp-content\/uploads\/2026\/01\/Bild1-630x1024.png\" alt=\"\" width=\"630\" height=\"1024\" srcset=\"https:\/\/www.gsr-bamberg.de\/wordpress\/wp-content\/uploads\/2026\/01\/Bild1-630x1024.png 630w, https:\/\/www.gsr-bamberg.de\/wordpress\/wp-content\/uploads\/2026\/01\/Bild1-185x300.png 185w, https:\/\/www.gsr-bamberg.de\/wordpress\/wp-content\/uploads\/2026\/01\/Bild1-768x1248.png 768w, https:\/\/www.gsr-bamberg.de\/wordpress\/wp-content\/uploads\/2026\/01\/Bild1-945x1536.png 945w, https:\/\/www.gsr-bamberg.de\/wordpress\/wp-content\/uploads\/2026\/01\/Bild1.png 971w\" sizes=\"auto, (max-width: 630px) 100vw, 630px\" \/><\/p>\n","protected":false},"excerpt":{"rendered":"<p>Werde Teil der Mitmacher! In unserem Wahlfach \u201eDie Mitmacher\u201c gestalten Sch\u00fclerinnen und Sch\u00fcler gemeinsam mit einer Lehrkraft das Schulleben aktiv mit. Ob Nikolausbesuch, Weihnachtsbasar, faire Fr\u00fchst\u00fccke oder das Sommerfest \u2013 [&hellip;]<\/p>\n","protected":false},"author":1,"featured_media":0,"parent":1100,"menu_order":0,"comment_status":"closed","ping_status":"closed","template":"","meta":{"ngg_post_thumbnail":0,"footnotes":""},"class_list":["post-345","page","type-page","status-publish","hentry"],"_links":{"self":[{"href":"https:\/\/www.gsr-bamberg.de\/wordpress\/wp-json\/wp\/v2\/pages\/345","targetHints":{"allow":["GET"]}}],"collection":[{"href":"https:\/\/www.gsr-bamberg.de\/wordpress\/wp-json\/wp\/v2\/pages"}],"about":[{"href":"https:\/\/www.gsr-bamberg.de\/wordpress\/wp-json\/wp\/v2\/types\/page"}],"author":[{"embeddable":true,"href":"https:\/\/www.gsr-bamberg.de\/wordpress\/wp-json\/wp\/v2\/users\/1"}],"replies":[{"embeddable":true,"href":"https:\/\/www.gsr-bamberg.de\/wordpress\/wp-json\/wp\/v2\/comments?post=345"}],"version-history":[{"count":9,"href":"https:\/\/www.gsr-bamberg.de\/wordpress\/wp-json\/wp\/v2\/pages\/345\/revisions"}],"predecessor-version":[{"id":3131,"href":"https:\/\/www.gsr-bamberg.de\/wordpress\/wp-json\/wp\/v2\/pages\/345\/revisions\/3131"}],"up":[{"embeddable":true,"href":"https:\/\/www.gsr-bamberg.de\/wordpress\/wp-json\/wp\/v2\/pages\/1100"}],"wp:attachment":[{"href":"https:\/\/www.gsr-bamberg.de\/wordpress\/wp-json\/wp\/v2\/media?parent=345"}],"curies":[{"name":"wp","href":"https:\/\/api.w.org\/{rel}","templated":true}]}}