{"id":347,"date":"2023-07-31T01:32:18","date_gmt":"2023-07-30T23:32:18","guid":{"rendered":"http:\/\/www.s665648207.online.de\/wordpress\/?page_id=347"},"modified":"2023-10-17T21:18:49","modified_gmt":"2023-10-17T19:18:49","slug":"soziale-projekte","status":"publish","type":"page","link":"https:\/\/www.gsr-bamberg.de\/wordpress\/schulleben\/gesellschaft-und-soziales\/soziale-projekte\/","title":{"rendered":"Soziale Aktionen"},"content":{"rendered":"<p>Alle zwei Jahre veranstaltet unsere Schule einen Solilauf zugunsten einer gemeinn\u00fctzigen Organisation. Das Prinzip ist einfach: Die Sch\u00fclerinnen und Sch\u00fcler laufen auf einem Sportplatz Runden. In jeder Runde wird ein Kilometer zur\u00fcckgelegt. Zuvor suchen sie sich Sponsoren, mit denen sie f\u00fcr jede geschaffte Runde einen bestimmten Betrag vereinbaren. Die Runden pro Sch\u00fclerin und Sch\u00fcler werden von einem Schiedsgericht gez\u00e4hlt und notiert und danach der Sponsor zu Kasse gebeten. Das auf diese Weise gesammelte Geld wird einem gemeinn\u00fctzigen Zweck zugef\u00fchrt. Ein Rahmenprogramm besch\u00e4ftigt die Teilnehmenden, wenn sie gerade nicht laufen d\u00fcrfen. So wird ein Kleinfeld-Fu\u00dfballturnier ausgetragen und es besteht die M\u00f6glichkeit, die Tennisanlage des Sportclubs zu benutzen und unter Anleitung erste Schritte in dieser Sportart zu gehen.<\/p>\n<p>Ebenso ist es Tradition, in der Vorweihnachtszeit eine Spendenaktion anzusto\u00dfen, bei der Sch\u00fclerinnen und Sch\u00fcler aufgefordert sind, Geschenke f\u00fcr Kinder und Jugendliche zu besorgen und zu packen, die z.B. nicht in geordneten Familien aufwachsen k\u00f6nnen oder die sich scheinbar Selbstverst\u00e4ndliches gar nicht leisten k\u00f6nnen. Hier haben wir uns im Laufe der Jahre mit wechselnden Organisationen vernetzt, deren Sch\u00fctzlingen wir auf diese Weise etwas Gutes tun konnten. Eine ganz besondere Aktivit\u00e4t war in der Coronazeit unser digitaler Adventskalender f\u00fcr Bamberger Senioreneinrichtungen, auf dem jeden Tag eine andere Geschichte zu h\u00f6ren war, welche Sch\u00fclerinnen und Sch\u00fcler einer 8. Klasse geschrieben und eingelesen hatten.<\/p>\n","protected":false},"excerpt":{"rendered":"<p>Alle zwei Jahre veranstaltet unsere Schule einen Solilauf zugunsten einer gemeinn\u00fctzigen Organisation. Das Prinzip ist einfach: Die Sch\u00fclerinnen und Sch\u00fcler laufen auf einem Sportplatz Runden. In jeder Runde wird ein [&hellip;]<\/p>\n","protected":false},"author":1,"featured_media":0,"parent":1100,"menu_order":0,"comment_status":"closed","ping_status":"closed","template":"","meta":{"ngg_post_thumbnail":0,"footnotes":""},"class_list":["post-347","page","type-page","status-publish","hentry"],"_links":{"self":[{"href":"https:\/\/www.gsr-bamberg.de\/wordpress\/wp-json\/wp\/v2\/pages\/347","targetHints":{"allow":["GET"]}}],"collection":[{"href":"https:\/\/www.gsr-bamberg.de\/wordpress\/wp-json\/wp\/v2\/pages"}],"about":[{"href":"https:\/\/www.gsr-bamberg.de\/wordpress\/wp-json\/wp\/v2\/types\/page"}],"author":[{"embeddable":true,"href":"https:\/\/www.gsr-bamberg.de\/wordpress\/wp-json\/wp\/v2\/users\/1"}],"replies":[{"embeddable":true,"href":"https:\/\/www.gsr-bamberg.de\/wordpress\/wp-json\/wp\/v2\/comments?post=347"}],"version-history":[{"count":4,"href":"https:\/\/www.gsr-bamberg.de\/wordpress\/wp-json\/wp\/v2\/pages\/347\/revisions"}],"predecessor-version":[{"id":1411,"href":"https:\/\/www.gsr-bamberg.de\/wordpress\/wp-json\/wp\/v2\/pages\/347\/revisions\/1411"}],"up":[{"embeddable":true,"href":"https:\/\/www.gsr-bamberg.de\/wordpress\/wp-json\/wp\/v2\/pages\/1100"}],"wp:attachment":[{"href":"https:\/\/www.gsr-bamberg.de\/wordpress\/wp-json\/wp\/v2\/media?parent=347"}],"curies":[{"name":"wp","href":"https:\/\/api.w.org\/{rel}","templated":true}]}}