{"id":359,"date":"2023-07-31T22:14:04","date_gmt":"2023-07-31T20:14:04","guid":{"rendered":"http:\/\/www.s665648207.online.de\/wordpress\/?page_id=359"},"modified":"2023-10-14T15:42:41","modified_gmt":"2023-10-14T13:42:41","slug":"veranstaltungstechnik","status":"publish","type":"page","link":"https:\/\/www.gsr-bamberg.de\/wordpress\/schulleben\/natur-und-technik\/veranstaltungstechnik\/","title":{"rendered":"Veranstaltungstechnik"},"content":{"rendered":"<p>Ob Theaterauff\u00fchrung, Weihnachtsfeier oder Sommerfest: Die Sch\u00fclerinnen und Sch\u00fcler des Wahlfachs Veranstaltungstechnik sorgen f\u00fcr den guten Ton und setzen die auftretenden Akteure ins rechte Licht. Konkret bauen sie die B\u00fchne, Beschallungs- und Lichtanlage auf, helfen bei der Verkabelung und betreuen die technischen Komponenten w\u00e4hrend der Veranstaltung. Doch damit nicht genug: Alles, was aufgebaut wird, muss nat\u00fcrlich nach dem Event auch abgebaut werden. In regelm\u00e4\u00dfigen Treffen lernen die Sch\u00fclerinnen und Sch\u00fcler theoretische und praktische Grundlagen der Veranstaltungstechnik: Welche Kabel brauche ich wof\u00fcr, wie wird ein Mikrofon eingepegelt, oder wie bediene ich eigentlich das Mischpult einer Licht- oder Beschallungsanlage? Voraussetzung f\u00fcr die Teilnahme am Wahlfach ist Zuverl\u00e4ssigkeit, Einsatzbereitschaft und nat\u00fcrlich das Interesse an den genannten Einsatzgebieten und Themenbereichen.<br \/>\nLeitung: Andreas Richter<br \/>\nZeit: Donnerstag, 13:15 Uhr -14:00 Uhr | Teilnahme ab Klasse 6 <\/p>\n","protected":false},"excerpt":{"rendered":"<p>Ob Theaterauff\u00fchrung, Weihnachtsfeier oder Sommerfest: Die Sch\u00fclerinnen und Sch\u00fcler des Wahlfachs Veranstaltungstechnik sorgen f\u00fcr den guten Ton und setzen die auftretenden Akteure ins rechte Licht. Konkret bauen sie die B\u00fchne, [&hellip;]<\/p>\n","protected":false},"author":1,"featured_media":0,"parent":1102,"menu_order":0,"comment_status":"closed","ping_status":"closed","template":"","meta":{"ngg_post_thumbnail":0,"footnotes":""},"class_list":["post-359","page","type-page","status-publish","hentry"],"_links":{"self":[{"href":"https:\/\/www.gsr-bamberg.de\/wordpress\/wp-json\/wp\/v2\/pages\/359","targetHints":{"allow":["GET"]}}],"collection":[{"href":"https:\/\/www.gsr-bamberg.de\/wordpress\/wp-json\/wp\/v2\/pages"}],"about":[{"href":"https:\/\/www.gsr-bamberg.de\/wordpress\/wp-json\/wp\/v2\/types\/page"}],"author":[{"embeddable":true,"href":"https:\/\/www.gsr-bamberg.de\/wordpress\/wp-json\/wp\/v2\/users\/1"}],"replies":[{"embeddable":true,"href":"https:\/\/www.gsr-bamberg.de\/wordpress\/wp-json\/wp\/v2\/comments?post=359"}],"version-history":[{"count":3,"href":"https:\/\/www.gsr-bamberg.de\/wordpress\/wp-json\/wp\/v2\/pages\/359\/revisions"}],"predecessor-version":[{"id":1391,"href":"https:\/\/www.gsr-bamberg.de\/wordpress\/wp-json\/wp\/v2\/pages\/359\/revisions\/1391"}],"up":[{"embeddable":true,"href":"https:\/\/www.gsr-bamberg.de\/wordpress\/wp-json\/wp\/v2\/pages\/1102"}],"wp:attachment":[{"href":"https:\/\/www.gsr-bamberg.de\/wordpress\/wp-json\/wp\/v2\/media?parent=359"}],"curies":[{"name":"wp","href":"https:\/\/api.w.org\/{rel}","templated":true}]}}