{"id":361,"date":"2023-07-31T22:16:29","date_gmt":"2023-07-31T20:16:29","guid":{"rendered":"http:\/\/www.s665648207.online.de\/wordpress\/?page_id=361"},"modified":"2023-10-14T15:41:55","modified_gmt":"2023-10-14T13:41:55","slug":"schulband","status":"publish","type":"page","link":"https:\/\/www.gsr-bamberg.de\/wordpress\/schulleben\/musische-bildung\/schulband\/","title":{"rendered":"Schulband"},"content":{"rendered":"<p>Die Schulband studiert alte und neue Hits der Rock- und Popmusik mit Gitarre, E-Bass, Keyboards, Schlagzeug und nat\u00fcrlich der Stimme ein. Auch laute Blasinstrumente wie Saxofon, Trompete, Posaune oder Querfl\u00f6te sind herzlich willkommen! Du solltest dein Instrument in Grundz\u00fcgen spielen k\u00f6nnen, die Schulband ist kein Instrumentalunterricht.<br \/>\nLeitung: Steve Landgraf<br \/>\nZeit: Dienstag ab 13:15 Uhr | Teilnahme ab Klasse 6 <\/p>\n","protected":false},"excerpt":{"rendered":"<p>Die Schulband studiert alte und neue Hits der Rock- und Popmusik mit Gitarre, E-Bass, Keyboards, Schlagzeug und nat\u00fcrlich der Stimme ein. Auch laute Blasinstrumente wie Saxofon, Trompete, Posaune oder Querfl\u00f6te [&hellip;]<\/p>\n","protected":false},"author":1,"featured_media":0,"parent":1104,"menu_order":0,"comment_status":"closed","ping_status":"closed","template":"","meta":{"ngg_post_thumbnail":0,"footnotes":""},"class_list":["post-361","page","type-page","status-publish","hentry"],"_links":{"self":[{"href":"https:\/\/www.gsr-bamberg.de\/wordpress\/wp-json\/wp\/v2\/pages\/361","targetHints":{"allow":["GET"]}}],"collection":[{"href":"https:\/\/www.gsr-bamberg.de\/wordpress\/wp-json\/wp\/v2\/pages"}],"about":[{"href":"https:\/\/www.gsr-bamberg.de\/wordpress\/wp-json\/wp\/v2\/types\/page"}],"author":[{"embeddable":true,"href":"https:\/\/www.gsr-bamberg.de\/wordpress\/wp-json\/wp\/v2\/users\/1"}],"replies":[{"embeddable":true,"href":"https:\/\/www.gsr-bamberg.de\/wordpress\/wp-json\/wp\/v2\/comments?post=361"}],"version-history":[{"count":4,"href":"https:\/\/www.gsr-bamberg.de\/wordpress\/wp-json\/wp\/v2\/pages\/361\/revisions"}],"predecessor-version":[{"id":1390,"href":"https:\/\/www.gsr-bamberg.de\/wordpress\/wp-json\/wp\/v2\/pages\/361\/revisions\/1390"}],"up":[{"embeddable":true,"href":"https:\/\/www.gsr-bamberg.de\/wordpress\/wp-json\/wp\/v2\/pages\/1104"}],"wp:attachment":[{"href":"https:\/\/www.gsr-bamberg.de\/wordpress\/wp-json\/wp\/v2\/media?parent=361"}],"curies":[{"name":"wp","href":"https:\/\/api.w.org\/{rel}","templated":true}]}}