{"id":363,"date":"2023-07-31T23:13:33","date_gmt":"2023-07-31T21:13:33","guid":{"rendered":"http:\/\/www.s665648207.online.de\/wordpress\/?page_id=363"},"modified":"2023-10-19T21:43:05","modified_gmt":"2023-10-19T19:43:05","slug":"garten-ag","status":"publish","type":"page","link":"https:\/\/www.gsr-bamberg.de\/wordpress\/schulleben\/natur-und-technik\/garten-ag\/","title":{"rendered":"Garten AG"},"content":{"rendered":"<p>In der Garten-AG besch\u00e4ftigen wir uns mit allem Rund ums Beet. Wir erstellen Bepflanzungspl\u00e4ne, stecken Zwiebeln, j\u00e4ten Unkraut, s\u00e4en aus, ernten Gem\u00fcse, Obst und Beeren, bauen Hochbeete, Komposter etc, verarbeiten unsere Ernte (Marmelade, Pepperoni-\u00d6l, Kr\u00e4uter-Salze, Tomatenso\u00dfe, Cremes, K\u00fcrbis schnitzen\u2026) und sind dabei die meiste Zeit im Freien.<\/p>\n<p>Impressionen:<\/p>\n<p><img loading=\"lazy\" decoding=\"async\" class=\"alignnone size-medium wp-image-1498\" src=\"https:\/\/www.gsr-bamberg.de\/wordpress\/wp-content\/uploads\/2023\/10\/Kuerbis-2-300x225.jpeg\" alt=\"\" width=\"300\" height=\"225\" srcset=\"https:\/\/www.gsr-bamberg.de\/wordpress\/wp-content\/uploads\/2023\/10\/Kuerbis-2-300x225.jpeg 300w, https:\/\/www.gsr-bamberg.de\/wordpress\/wp-content\/uploads\/2023\/10\/Kuerbis-2-1024x768.jpeg 1024w, https:\/\/www.gsr-bamberg.de\/wordpress\/wp-content\/uploads\/2023\/10\/Kuerbis-2-768x576.jpeg 768w, https:\/\/www.gsr-bamberg.de\/wordpress\/wp-content\/uploads\/2023\/10\/Kuerbis-2.jpeg 1280w\" sizes=\"auto, (max-width: 300px) 100vw, 300px\" \/><\/p>\n<p><img loading=\"lazy\" decoding=\"async\" class=\"alignnone wp-image-1499 size-medium\" src=\"https:\/\/www.gsr-bamberg.de\/wordpress\/wp-content\/uploads\/2023\/10\/Beete_1-6-225x300.jpg\" alt=\"\" width=\"225\" height=\"300\" srcset=\"https:\/\/www.gsr-bamberg.de\/wordpress\/wp-content\/uploads\/2023\/10\/Beete_1-6-225x300.jpg 225w, https:\/\/www.gsr-bamberg.de\/wordpress\/wp-content\/uploads\/2023\/10\/Beete_1-6-768x1024.jpg 768w, https:\/\/www.gsr-bamberg.de\/wordpress\/wp-content\/uploads\/2023\/10\/Beete_1-6-1152x1536.jpg 1152w, https:\/\/www.gsr-bamberg.de\/wordpress\/wp-content\/uploads\/2023\/10\/Beete_1-6-1536x2048.jpg 1536w, https:\/\/www.gsr-bamberg.de\/wordpress\/wp-content\/uploads\/2023\/10\/Beete_1-6-scaled.jpg 1920w\" sizes=\"auto, (max-width: 225px) 100vw, 225px\" \/><\/p>\n","protected":false},"excerpt":{"rendered":"<p>In der Garten-AG besch\u00e4ftigen wir uns mit allem Rund ums Beet. Wir erstellen Bepflanzungspl\u00e4ne, stecken Zwiebeln, j\u00e4ten Unkraut, s\u00e4en aus, ernten Gem\u00fcse, Obst und Beeren, bauen Hochbeete, Komposter etc, verarbeiten [&hellip;]<\/p>\n","protected":false},"author":1,"featured_media":0,"parent":1102,"menu_order":0,"comment_status":"closed","ping_status":"closed","template":"","meta":{"ngg_post_thumbnail":0,"footnotes":""},"class_list":["post-363","page","type-page","status-publish","hentry"],"_links":{"self":[{"href":"https:\/\/www.gsr-bamberg.de\/wordpress\/wp-json\/wp\/v2\/pages\/363","targetHints":{"allow":["GET"]}}],"collection":[{"href":"https:\/\/www.gsr-bamberg.de\/wordpress\/wp-json\/wp\/v2\/pages"}],"about":[{"href":"https:\/\/www.gsr-bamberg.de\/wordpress\/wp-json\/wp\/v2\/types\/page"}],"author":[{"embeddable":true,"href":"https:\/\/www.gsr-bamberg.de\/wordpress\/wp-json\/wp\/v2\/users\/1"}],"replies":[{"embeddable":true,"href":"https:\/\/www.gsr-bamberg.de\/wordpress\/wp-json\/wp\/v2\/comments?post=363"}],"version-history":[{"count":7,"href":"https:\/\/www.gsr-bamberg.de\/wordpress\/wp-json\/wp\/v2\/pages\/363\/revisions"}],"predecessor-version":[{"id":1500,"href":"https:\/\/www.gsr-bamberg.de\/wordpress\/wp-json\/wp\/v2\/pages\/363\/revisions\/1500"}],"up":[{"embeddable":true,"href":"https:\/\/www.gsr-bamberg.de\/wordpress\/wp-json\/wp\/v2\/pages\/1102"}],"wp:attachment":[{"href":"https:\/\/www.gsr-bamberg.de\/wordpress\/wp-json\/wp\/v2\/media?parent=363"}],"curies":[{"name":"wp","href":"https:\/\/api.w.org\/{rel}","templated":true}]}}