{"id":497,"date":"2023-08-01T14:26:04","date_gmt":"2023-08-01T12:26:04","guid":{"rendered":"http:\/\/www.s665648207.online.de\/wordpress\/?page_id=497"},"modified":"2025-01-13T10:07:49","modified_gmt":"2025-01-13T09:07:49","slug":"umweltschule","status":"publish","type":"page","link":"https:\/\/www.gsr-bamberg.de\/wordpress\/schulprofil\/umweltschule\/","title":{"rendered":"Umweltschule"},"content":{"rendered":"<p>In der Umweltgruppe machen sich engagierte Sch\u00fclerinnen und Sch\u00fcler von der f\u00fcnften bis zur zehnten Jahrgangsstufe Gedanken, wie man das Leben nachhaltiger, umweltgerechter und klimafreundlicher gestalten k\u00f6nnte. Das bleiben aber keine theoretischen Gedankenspiele \u2013 es wird auch angepackt. So wurde z.B. ein neues Recyclingsystem in den Klassenzimmern eingerichtet, ein Winterquartier f\u00fcr Igel eingerichtet sowie eine gro\u00dfe M\u00fcllsammelaktion in der weiteren Umgebung der Schule gestartet. Aufgabe eines Fotowettbewerbs war es, ein Foto eines \u201eLebewesens in der Schulumgebung\u201c zu schie\u00dfen.<\/p>\n<p>Die Anstrengungen im Schuljahr 2021\/22 wurden mit Erfolg gekr\u00f6nt. Die Graf-Stauffenberg-Realschule erhielt den Titel \u201eUmweltschule\u201c. B\u00fcrgermeister Gl\u00fcsenkamp kam zum Gratulieren. Der Titel muss j\u00e4hrlich wieder best\u00e4tigt werden, ob das geschieht, h\u00e4ngt von der Fortf\u00fchrung der Aktivit\u00e4ten ab. Da Herr Miekisch und seine Gruppe hier nicht nachlie\u00dfen, erhielt die Schule den Titel auch f\u00fcr die Schuljahre 2022\/23 und 2023\/24. Auch im laufenden Schuljahr ist wieder ein Team aktiv.<\/p>\n<figure id=\"attachment_1341\" aria-describedby=\"caption-attachment-1341\" style=\"width: 780px\" class=\"wp-caption alignnone\"><img loading=\"lazy\" decoding=\"async\" class=\"wp-image-1341 size-large\" src=\"https:\/\/www.gsr-bamberg.de\/wordpress\/wp-content\/uploads\/2023\/10\/Graf-Stauffenberg-Realschule-Umweltschule-1024x683.jpg\" alt=\"\" width=\"780\" height=\"520\" srcset=\"https:\/\/www.gsr-bamberg.de\/wordpress\/wp-content\/uploads\/2023\/10\/Graf-Stauffenberg-Realschule-Umweltschule-1024x683.jpg 1024w, https:\/\/www.gsr-bamberg.de\/wordpress\/wp-content\/uploads\/2023\/10\/Graf-Stauffenberg-Realschule-Umweltschule-300x200.jpg 300w, https:\/\/www.gsr-bamberg.de\/wordpress\/wp-content\/uploads\/2023\/10\/Graf-Stauffenberg-Realschule-Umweltschule-768x512.jpg 768w, https:\/\/www.gsr-bamberg.de\/wordpress\/wp-content\/uploads\/2023\/10\/Graf-Stauffenberg-Realschule-Umweltschule-1536x1024.jpg 1536w, https:\/\/www.gsr-bamberg.de\/wordpress\/wp-content\/uploads\/2023\/10\/Graf-Stauffenberg-Realschule-Umweltschule-2048x1365.jpg 2048w\" sizes=\"auto, (max-width: 780px) 100vw, 780px\" \/><figcaption id=\"caption-attachment-1341\" class=\"wp-caption-text\">&nbsp;<\/figcaption><\/figure>\n<p>Genauere Berichte \u00fcber die konkreten Aktivit\u00e4ten der Umweltgruppe sind im Blog in der Kategorie \u201eNatur und Technik\u201c zu finden.<\/p>\n","protected":false},"excerpt":{"rendered":"<p>In der Umweltgruppe machen sich engagierte Sch\u00fclerinnen und Sch\u00fcler von der f\u00fcnften bis zur zehnten Jahrgangsstufe Gedanken, wie man das Leben nachhaltiger, umweltgerechter und klimafreundlicher gestalten k\u00f6nnte. Das bleiben aber [&hellip;]<\/p>\n","protected":false},"author":1,"featured_media":0,"parent":37,"menu_order":0,"comment_status":"closed","ping_status":"closed","template":"","meta":{"ngg_post_thumbnail":0,"footnotes":""},"class_list":["post-497","page","type-page","status-publish","hentry"],"_links":{"self":[{"href":"https:\/\/www.gsr-bamberg.de\/wordpress\/wp-json\/wp\/v2\/pages\/497","targetHints":{"allow":["GET"]}}],"collection":[{"href":"https:\/\/www.gsr-bamberg.de\/wordpress\/wp-json\/wp\/v2\/pages"}],"about":[{"href":"https:\/\/www.gsr-bamberg.de\/wordpress\/wp-json\/wp\/v2\/types\/page"}],"author":[{"embeddable":true,"href":"https:\/\/www.gsr-bamberg.de\/wordpress\/wp-json\/wp\/v2\/users\/1"}],"replies":[{"embeddable":true,"href":"https:\/\/www.gsr-bamberg.de\/wordpress\/wp-json\/wp\/v2\/comments?post=497"}],"version-history":[{"count":8,"href":"https:\/\/www.gsr-bamberg.de\/wordpress\/wp-json\/wp\/v2\/pages\/497\/revisions"}],"predecessor-version":[{"id":2617,"href":"https:\/\/www.gsr-bamberg.de\/wordpress\/wp-json\/wp\/v2\/pages\/497\/revisions\/2617"}],"up":[{"embeddable":true,"href":"https:\/\/www.gsr-bamberg.de\/wordpress\/wp-json\/wp\/v2\/pages\/37"}],"wp:attachment":[{"href":"https:\/\/www.gsr-bamberg.de\/wordpress\/wp-json\/wp\/v2\/media?parent=497"}],"curies":[{"name":"wp","href":"https:\/\/api.w.org\/{rel}","templated":true}]}}