{"id":76,"date":"2023-07-17T22:40:12","date_gmt":"2023-07-17T20:40:12","guid":{"rendered":"http:\/\/www.s665648207.online.de\/wordpress\/?page_id=76"},"modified":"2023-10-17T21:27:18","modified_gmt":"2023-10-17T19:27:18","slug":"schulverfassung","status":"publish","type":"page","link":"https:\/\/www.gsr-bamberg.de\/wordpress\/schulprofil\/schulverfassung\/","title":{"rendered":"Schulverfassung"},"content":{"rendered":"<h3>Was ist eine Schulverfassung?<\/h3>\n<p>Eine Schulverfassung kann das Profil der Schule sch\u00e4rfen. Sie h\u00e4lt Grunds\u00e4tze des Verhaltens und Zusammenlebens schriftlich fest. Das erh\u00f6ht die Verbindlichkeit und erleichtert die Kontrolle der Einhaltung durch die gesamte Schulgemeinschaft. Die Grunds\u00e4tze gelten f\u00fcr alle &#8211; Sch\u00fclerinnen und Sch\u00fcler, Lehrkr\u00e4fte sowie Eltern.<br \/>\nJede\/r soll sich f\u00fcr die Einhaltung verantwortlich f\u00fchlen. Deswegen sind auch alle Mitglieder der Schulgemeinschaft an der Erarbeitung beteiligt.<\/p>\n<h2>Die Schulverfassung der Graf-Stauffenberg-Realschule<\/h2>\n<h3>Wir zeigen uns gegenseitig Respekt<\/h3>\n<ul>\n<li>Wir tolerieren andere Menschen, denn wir wissen, dass jeder Mensch gleich viel wert ist, ungeachtet des Geschlechts, der Herkunft, der Hautfarbe, der sexuellen Orientierung, der Religion oder des Alter<\/li>\n<li>Wir h\u00f6ren einander zu<\/li>\n<li>Wir akzeptieren ein Nein und lassen, was andere nicht m\u00f6gen<\/li>\n<li>Wir sind h\u00f6flich und freundlich, wir gr\u00fc\u00dfen uns gegenseitig<\/li>\n<li>Wir sind r\u00fccksichtsvoll (Wir rennen weniger \/ Wir dr\u00e4ngeln nicht beim Pausenverkauf \/ an der Bushaltestelle)<\/li>\n<li>Wir sind ehrlich<\/li>\n<\/ul>\n<h3>Wir lehnen Gewalt ab<\/h3>\n<ul>\n<li>Wir greifen niemanden mit Worten an, wir drohen nicht, wir beleidigen und beschimpfen nicht, wir stellen niemanden blo\u00df und lachen niemanden aus, auch nicht in den sozialen Medien<\/li>\n<li>Wir bringen keine gewaltverherrlichenden, pornographischen oder antisemitischen Bilder und Spr\u00fcche in Umlauf<\/li>\n<li>Wir reden nicht \u00fcber andere, wir stellen keine falschen Behauptungen auf&nbsp;<\/li>\n<li>Wir schlie\u00dfen niemanden aus.<\/li>\n<li>Wir greifen niemanden k\u00f6rperlich an, wir schubsen, schlagen und treten nicht<\/li>\n<li>Wir regeln Uneinigkeiten und Streit in Gespr\u00e4chen<\/li>\n<li>Wir setzen uns offen, ehrlich und wertsch\u00e4tzend auseinander<\/li>\n<\/ul>\n<h3>Wir halten unsere Schule sauber<\/h3>\n<ul>\n<li>Wir werfen Abf\u00e4lle in die daf\u00fcr vorgesehenen Beh\u00e4ltnisse, auch Kaugummis<\/li>\n<li>Wir hinterlassen die Toiletten sauber<\/li>\n<li>Wir verlassen die Unterrichtsr\u00e4ume ordentlich<\/li>\n<li>Wir schlie\u00dfen Fenster und Wasserh\u00e4hne und l\u00f6schen das Licht<\/li>\n<\/ul>\n<h3>Wir achten das Eigentum anderer<\/h3>\n<ul>\n<li>Wir nehmen niemanden etwas weg oder besch\u00e4digen es&nbsp;<\/li>\n<li>Wir benutzen nichts unerlaubt&nbsp;<\/li>\n<li>Wir geben geliehene Dinge wieder zur\u00fcck&nbsp;<\/li>\n<li>Wir sch\u00e4tzen die Musikinstrumente, die allen Sch\u00fclern zur Verf\u00fcgung stehen, und behandeln sie sorgsam&nbsp;<\/li>\n<li>Wir behandeln die Einrichtungen in der Schule sorgf\u00e4ltig und pfleglich<\/li>\n<\/ul>\n<h3>Wir sorgen f\u00fcr gewinnbringenden Unterricht und eine gute Lernatmosph\u00e4re<\/h3>\n<ul>\n<li>Wir sind p\u00fcnktlich&nbsp;<\/li>\n<li>Wir melden uns&nbsp;<\/li>\n<li>Wir sind als Sch\u00fcler aufmerksam, h\u00f6ren zu und arbeiten mit&nbsp;<\/li>\n<li>Wir fertigen unsere Aufgaben zuverl\u00e4ssig und ordentlich<\/li>\n<li>Wir bereiten als Lehrkr\u00e4fte den Unterricht methodisch und inhaltlich zeitgem\u00e4\u00df vor<\/li>\n<li>Wir sorgen als Lehrkr\u00e4fte f\u00fcr faire Tests und Abfragen<\/li>\n<li>Wir f\u00f6rdern und unterst\u00fctzen als Eltern das Lernen unserer Kinder<\/li>\n<\/ul>\n<h3>Wir \u00fcbernehmen Verantwortung und sind Vorbild<\/h3>\n<ul>\n<li>Wir sind hilfsbereit, wir achten auf andere und unterst\u00fctzen Schw\u00e4chere<\/li>\n<li>Wir halten Termine ein<\/li>\n<li>Wir nehmen \u00fcbernommene \u00c4mter und Aufgaben gewissenhaft wahr&nbsp;<\/li>\n<li>Wir benutzen Handys nicht ohne Erlaubnis im Schulgeb\u00e4ude und -gel\u00e4nde&nbsp;<\/li>\n<li>Wir rauchen nicht im Geb\u00e4ude und auf dem Gel\u00e4nde der Schule<\/li>\n<li>Wir haben den Mut einzugreifen, wenn etwas schief l\u00e4uft&nbsp;<\/li>\n<li>Wir stehen f\u00fcr unser Reden und Handeln ein<\/li>\n<\/ul>\n<p>F\u00fcr Pr\u00e4senz und Wirkung der Grunds\u00e4tze in unserem Schulalltag tragen wir nun alle Verantwortung. Hier sind Austausch, Gespr\u00e4ch, Ermutigung, Vorbild notwendig und nat\u00fcrlich auch immer wieder die Thematisierung im Unterricht, in schulischen Veranstaltungen und Aktivit\u00e4ten. Wir sind auf dem Weg, nicht am Ziel.<\/p>\n","protected":false},"excerpt":{"rendered":"<p>Was ist eine Schulverfassung? Eine Schulverfassung kann das Profil der Schule sch\u00e4rfen. Sie h\u00e4lt Grunds\u00e4tze des Verhaltens und Zusammenlebens schriftlich fest. Das erh\u00f6ht die Verbindlichkeit und erleichtert die Kontrolle der [&hellip;]<\/p>\n","protected":false},"author":1,"featured_media":0,"parent":37,"menu_order":0,"comment_status":"closed","ping_status":"closed","template":"","meta":{"ngg_post_thumbnail":0,"footnotes":""},"class_list":["post-76","page","type-page","status-publish","hentry"],"_links":{"self":[{"href":"https:\/\/www.gsr-bamberg.de\/wordpress\/wp-json\/wp\/v2\/pages\/76","targetHints":{"allow":["GET"]}}],"collection":[{"href":"https:\/\/www.gsr-bamberg.de\/wordpress\/wp-json\/wp\/v2\/pages"}],"about":[{"href":"https:\/\/www.gsr-bamberg.de\/wordpress\/wp-json\/wp\/v2\/types\/page"}],"author":[{"embeddable":true,"href":"https:\/\/www.gsr-bamberg.de\/wordpress\/wp-json\/wp\/v2\/users\/1"}],"replies":[{"embeddable":true,"href":"https:\/\/www.gsr-bamberg.de\/wordpress\/wp-json\/wp\/v2\/comments?post=76"}],"version-history":[{"count":17,"href":"https:\/\/www.gsr-bamberg.de\/wordpress\/wp-json\/wp\/v2\/pages\/76\/revisions"}],"predecessor-version":[{"id":1417,"href":"https:\/\/www.gsr-bamberg.de\/wordpress\/wp-json\/wp\/v2\/pages\/76\/revisions\/1417"}],"up":[{"embeddable":true,"href":"https:\/\/www.gsr-bamberg.de\/wordpress\/wp-json\/wp\/v2\/pages\/37"}],"wp:attachment":[{"href":"https:\/\/www.gsr-bamberg.de\/wordpress\/wp-json\/wp\/v2\/media?parent=76"}],"curies":[{"name":"wp","href":"https:\/\/api.w.org\/{rel}","templated":true}]}}